{"id":80,"date":"2020-12-10T21:59:11","date_gmt":"2020-12-10T20:59:11","guid":{"rendered":"http:\/\/www.fondsantoinedopchie.org\/?page_id=80"},"modified":"2021-10-24T19:33:40","modified_gmt":"2021-10-24T17:33:40","slug":"accueil-2","status":"publish","type":"page","link":"https:\/\/www.taranis.be\/index.php\/accueil-2\/","title":{"rendered":"Accueil"},"content":{"rendered":"\t\t<div data-elementor-type=\"wp-page\" data-elementor-id=\"80\" class=\"elementor elementor-80\" data-elementor-settings=\"[]\">\n\t\t\t\t\t\t\t<div class=\"elementor-section-wrap\">\n\t\t\t\t\t\t\t<section class=\"elementor-section elementor-top-section elementor-element elementor-element-ee969b0 elementor-section-boxed elementor-section-height-default elementor-section-height-default\" data-id=\"ee969b0\" data-element_type=\"section\">\n\t\t\t\t\t\t<div class=\"elementor-container elementor-column-gap-default\">\n\t\t\t\t\t<div class=\"elementor-column elementor-col-50 elementor-top-column elementor-element elementor-element-aa0de55\" data-id=\"aa0de55\" data-element_type=\"column\">\n\t\t\t<div class=\"elementor-widget-wrap elementor-element-populated\">\n\t\t\t\t\t\t\t\t<div class=\"elementor-element elementor-element-83170d1 elementor-widget elementor-widget-image\" data-id=\"83170d1\" data-element_type=\"widget\" data-widget_type=\"image.default\">\n\t\t\t\t<div class=\"elementor-widget-container\">\n\t\t\t\t\t\t\t\t\t\t\t\t\t\t\t<img src=\"http:\/\/www.fondsantoinedopchie.org\/wp-content\/uploads\/2020\/12\/IMG-20201127-WA0010-1.jpg\" title=\"\" alt=\"\" \/>\t\t\t\t\t\t\t\t\t\t\t\t\t\t\t<\/div>\n\t\t\t\t<\/div>\n\t\t\t\t\t<\/div>\n\t\t<\/div>\n\t\t\t\t<div class=\"elementor-column elementor-col-50 elementor-top-column elementor-element elementor-element-1646e56\" data-id=\"1646e56\" data-element_type=\"column\">\n\t\t\t<div class=\"elementor-widget-wrap elementor-element-populated\">\n\t\t\t\t\t\t\t\t<div class=\"elementor-element elementor-element-cac90c1 elementor-widget elementor-widget-text-editor\" data-id=\"cac90c1\" data-element_type=\"widget\" data-widget_type=\"text-editor.default\">\n\t\t\t\t<div class=\"elementor-widget-container\">\n\t\t\t\t\t\t\t<p><b>Le Fonds Antoine Dopchie<\/b> a \u00e9t\u00e9 cr\u00e9\u00e9 en 1992 au sein de la Fondation Roi Baudouin par la famille de Monsieur Antoine Dopchie et en sa m\u00e9moire. Passionn\u00e9 de natation et de waterpolo, il fut le pr\u00e9sident-fondateur du Swimming Club Renaisien et ce pendant plus de 40 ans, membre \u00e9m\u00e9rite de la f\u00e9d\u00e9ration Royale Belge de Natation et de Sauvetage et pr\u00e9sident du District des Flandres de 1924 \u00e0 1962.<\/p>\t\t\t\t\t\t<\/div>\n\t\t\t\t<\/div>\n\t\t\t\t\t<\/div>\n\t\t<\/div>\n\t\t\t\t\t\t\t<\/div>\n\t\t<\/section>\n\t\t\t\t<section class=\"elementor-section elementor-top-section elementor-element elementor-element-f065e2d elementor-section-boxed elementor-section-height-default elementor-section-height-default\" data-id=\"f065e2d\" data-element_type=\"section\">\n\t\t\t\t\t\t<div class=\"elementor-container elementor-column-gap-default\">\n\t\t\t\t\t<div class=\"elementor-column elementor-col-50 elementor-top-column elementor-element elementor-element-54aa203\" data-id=\"54aa203\" data-element_type=\"column\">\n\t\t\t<div class=\"elementor-widget-wrap elementor-element-populated\">\n\t\t\t\t\t\t\t\t<section class=\"elementor-section elementor-inner-section elementor-element elementor-element-19f8227 elementor-section-boxed elementor-section-height-default elementor-section-height-default\" data-id=\"19f8227\" data-element_type=\"section\">\n\t\t\t\t\t\t<div class=\"elementor-container elementor-column-gap-default\">\n\t\t\t\t\t<div class=\"elementor-column elementor-col-100 elementor-inner-column elementor-element elementor-element-082eb3f\" data-id=\"082eb3f\" data-element_type=\"column\">\n\t\t\t<div class=\"elementor-widget-wrap elementor-element-populated\">\n\t\t\t\t\t\t\t\t<div class=\"elementor-element elementor-element-68f245c elementor-widget elementor-widget-text-editor\" data-id=\"68f245c\" data-element_type=\"widget\" data-widget_type=\"text-editor.default\">\n\t\t\t\t<div class=\"elementor-widget-container\">\n\t\t\t\t\t\t\t<p>Son ambition \u00e9tait de rendre la natation accessible au plus grand nombre. Sa famille souhaitait poursuivre son engagement. Suite \u00e0 une rencontre entre le Baron Michel Deleforterie, pr\u00e9sident de Special Olympics Belgium, et Monsieur Henri Dopchie, fils ain\u00e9 de Monsieur Antoine Dopchie, la famille d\u00e9cide de choisir, comme objet du Fonds la pratique de la natation pour les personnes ayant un handicap mental.<\/p>\t\t\t\t\t\t<\/div>\n\t\t\t\t<\/div>\n\t\t\t\t\t<\/div>\n\t\t<\/div>\n\t\t\t\t\t\t\t<\/div>\n\t\t<\/section>\n\t\t\t\t\t<\/div>\n\t\t<\/div>\n\t\t\t\t<div class=\"elementor-column elementor-col-50 elementor-top-column elementor-element elementor-element-17357d7\" data-id=\"17357d7\" data-element_type=\"column\">\n\t\t\t<div class=\"elementor-widget-wrap elementor-element-populated\">\n\t\t\t\t\t\t\t\t<div class=\"elementor-element elementor-element-a3ba904 elementor-widget elementor-widget-image\" data-id=\"a3ba904\" data-element_type=\"widget\" data-widget_type=\"image.default\">\n\t\t\t\t<div class=\"elementor-widget-container\">\n\t\t\t\t\t\t\t\t\t\t\t\t\t\t\t<img src=\"http:\/\/www.fondsantoinedopchie.org\/wp-content\/uploads\/2020\/12\/IMG-20201127-WA0013.jpg\" title=\"\" alt=\"\" \/>\t\t\t\t\t\t\t\t\t\t\t\t\t\t\t<\/div>\n\t\t\t\t<\/div>\n\t\t\t\t\t<\/div>\n\t\t<\/div>\n\t\t\t\t\t\t\t<\/div>\n\t\t<\/section>\n\t\t\t\t<section class=\"elementor-section elementor-top-section elementor-element elementor-element-c1d0a13 elementor-section-boxed elementor-section-height-default elementor-section-height-default\" data-id=\"c1d0a13\" data-element_type=\"section\">\n\t\t\t\t\t\t<div class=\"elementor-container elementor-column-gap-default\">\n\t\t\t\t\t<div class=\"elementor-column elementor-col-50 elementor-top-column elementor-element elementor-element-f686a9d\" data-id=\"f686a9d\" data-element_type=\"column\">\n\t\t\t<div class=\"elementor-widget-wrap elementor-element-populated\">\n\t\t\t\t\t\t\t\t<div class=\"elementor-element elementor-element-4e7d00b elementor-widget elementor-widget-image\" data-id=\"4e7d00b\" data-element_type=\"widget\" data-widget_type=\"image.default\">\n\t\t\t\t<div class=\"elementor-widget-container\">\n\t\t\t\t\t\t\t\t\t\t\t\t\t\t\t<img src=\"http:\/\/www.fondsantoinedopchie.org\/wp-content\/uploads\/2020\/12\/IMG-20201127-WA0012.jpg\" title=\"\" alt=\"\" \/>\t\t\t\t\t\t\t\t\t\t\t\t\t\t\t<\/div>\n\t\t\t\t<\/div>\n\t\t\t\t\t<\/div>\n\t\t<\/div>\n\t\t\t\t<div class=\"elementor-column elementor-col-50 elementor-top-column elementor-element elementor-element-893aaf9\" data-id=\"893aaf9\" data-element_type=\"column\">\n\t\t\t<div class=\"elementor-widget-wrap elementor-element-populated\">\n\t\t\t\t\t\t\t\t<div class=\"elementor-element elementor-element-5a1b2ba elementor-widget elementor-widget-text-editor\" data-id=\"5a1b2ba\" data-element_type=\"widget\" data-widget_type=\"text-editor.default\">\n\t\t\t\t<div class=\"elementor-widget-container\">\n\t\t\t\t\t\t\t<p>N\u00e9 \u00e0 Renaix, le 21 mai 1899<\/p>\n<p>Epouse Madame Julienne Dobbelaere \u271e le 8 septembre 1923 \u00e0 Renaix<\/p>\n<p>P\u00e8re de 8 enfants&nbsp;: Henri \u271e, Antoinette \u271e, Albert \u271e, Joseph \u271e, Julien, Th\u00e9r\u00e8se, Colette, Anne<\/p>\n<p>Industriel Textile \u00e0 Renaix<\/p>\n<p>Fondateur du Swimming Club Renaisien<\/p>\n<p>Secr\u00e9taire-tr\u00e9sorier et ensuite Pr\u00e9sident du Swimming Club Renaisien et ce pendant plus de 40 ans<\/p>\n<p>Membre \u00e9m\u00e9rite de la F\u00e9d\u00e9ration Belge de Natation et de Sauvatage et Pr\u00e9sident du District des Flandres de 1924 \u00e0 1962.<\/p>\n<p>Il accompagne l\u2019\u00e9quipe Belge de natation et participe en tant que chronom\u00e9treur officiel au jeux Olympiques de 1936.<\/p>\n<p>Antoine Dopchie \u00e9tait un grand passionn\u00e9 de natation et de water-polo et souhaitait rendre la natation accessible \u00e0 tous. Homme soucieux du bien de tous, il y consacra \u00e9norm\u00e9ment d\u2019\u00e9nergie, de temps et de moyens.<\/p>\t\t\t\t\t\t<\/div>\n\t\t\t\t<\/div>\n\t\t\t\t\t<\/div>\n\t\t<\/div>\n\t\t\t\t\t\t\t<\/div>\n\t\t<\/section>\n\t\t\t\t\t\t<\/div>\n\t\t\t\t\t<\/div>\n\t\t","protected":false},"excerpt":{"rendered":"<p>Le Fonds Antoine Dopchie a \u00e9t\u00e9 cr\u00e9\u00e9 en 1992 au sein de la Fondation Roi Baudouin par la famille de Monsieur Antoine Dopchie et en sa m\u00e9moire. Passionn\u00e9 de natation et de waterpolo, il fut le pr\u00e9sident-fondateur du Swimming Club Renaisien et ce pendant plus de 40 ans, membre \u00e9m\u00e9rite de la f\u00e9d\u00e9ration Royale Belge [&hellip;]<\/p>\n","protected":false},"author":1,"featured_media":0,"parent":0,"menu_order":0,"comment_status":"closed","ping_status":"closed","template":"","meta":[],"_links":{"self":[{"href":"https:\/\/www.taranis.be\/index.php\/wp-json\/wp\/v2\/pages\/80"}],"collection":[{"href":"https:\/\/www.taranis.be\/index.php\/wp-json\/wp\/v2\/pages"}],"about":[{"href":"https:\/\/www.taranis.be\/index.php\/wp-json\/wp\/v2\/types\/page"}],"author":[{"embeddable":true,"href":"https:\/\/www.taranis.be\/index.php\/wp-json\/wp\/v2\/users\/1"}],"replies":[{"embeddable":true,"href":"https:\/\/www.taranis.be\/index.php\/wp-json\/wp\/v2\/comments?post=80"}],"version-history":[{"count":6,"href":"https:\/\/www.taranis.be\/index.php\/wp-json\/wp\/v2\/pages\/80\/revisions"}],"predecessor-version":[{"id":696,"href":"https:\/\/www.taranis.be\/index.php\/wp-json\/wp\/v2\/pages\/80\/revisions\/696"}],"wp:attachment":[{"href":"https:\/\/www.taranis.be\/index.php\/wp-json\/wp\/v2\/media?parent=80"}],"curies":[{"name":"wp","href":"https:\/\/api.w.org\/{rel}","templated":true}]}}