{"id":569,"date":"2021-10-24T14:05:28","date_gmt":"2021-10-24T12:05:28","guid":{"rendered":"http:\/\/taranis.be\/?page_id=569"},"modified":"2021-10-24T14:05:43","modified_gmt":"2021-10-24T12:05:43","slug":"prix-athletes-3","status":"publish","type":"page","link":"https:\/\/www.taranis.be\/index.php\/nl\/prix-athletes-3\/","title":{"rendered":"Prix athl\u00e8tes"},"content":{"rendered":"\t\t<div data-elementor-type=\"wp-page\" data-elementor-id=\"569\" class=\"elementor elementor-569\" data-elementor-settings=\"[]\">\n\t\t\t\t\t\t\t<div class=\"elementor-section-wrap\">\n\t\t\t\t\t\t\t<section class=\"elementor-section elementor-top-section elementor-element elementor-element-cc7a0c0 elementor-section-boxed elementor-section-height-default elementor-section-height-default\" data-id=\"cc7a0c0\" data-element_type=\"section\">\n\t\t\t\t\t\t<div class=\"elementor-container elementor-column-gap-default\">\n\t\t\t\t\t<div class=\"elementor-column elementor-col-100 elementor-top-column elementor-element elementor-element-ed710c5\" data-id=\"ed710c5\" data-element_type=\"column\">\n\t\t\t<div class=\"elementor-widget-wrap elementor-element-populated\">\n\t\t\t\t\t\t\t\t<div class=\"elementor-element elementor-element-3b444f2 elementor-widget elementor-widget-text-editor\" data-id=\"3b444f2\" data-element_type=\"widget\" data-widget_type=\"text-editor.default\">\n\t\t\t\t<div class=\"elementor-widget-container\">\n\t\t\t\t\t\t\t<p><strong>Liste des laur\u00e9ats du prix athl\u00e8te NL.<\/strong><\/p>\n<table border=\"0\" width=\"492\" cellspacing=\"0\" cellpadding=\"0\">\n<colgroup>\n<col style=\"mso-width-source: userset; mso-width-alt: 3474; width: 71pt;\" span=\"2\" width=\"95\">\n<col style=\"mso-width-source: userset; mso-width-alt: 4608; width: 95pt;\" width=\"126\">\n<col style=\"mso-width-source: userset; mso-width-alt: 3510; width: 72pt;\" width=\"96\">\n<col style=\"width: 60pt;\" width=\"80\"> <\/colgroup>\n<tbody>\n<tr style=\"height: 15.0pt;\">\n<td class=\"xl66\" style=\"height: 15.0pt; width: 71pt;\" width=\"95\" height=\"20\">Nom Athl\u00e8te<\/td>\n<td class=\"xl66\" style=\"width: 71pt;\" width=\"95\">Pr\u00e9nom Athl\u00e8te<\/td>\n<td class=\"xl66\" style=\"width: 95pt;\" width=\"126\">Nom Club<\/td>\n<td class=\"xl66\" style=\"width: 72pt;\" width=\"96\">Ville<\/td>\n<td class=\"xl66\" style=\"width: 60pt;\" width=\"80\">Ann\u00e9e laur\u00e9at<\/td>\n<\/tr>\n<tr style=\"height: 15.0pt;\">\n<td style=\"height: 15.0pt;\" height=\"20\">DENAYER<\/td>\n<td>Mieke<\/td>\n<td>DAIS<\/td>\n<td>&nbsp;<\/td>\n<td align=\"right\">2019<\/td>\n<\/tr>\n<tr style=\"height: 15.0pt;\">\n<td style=\"height: 15.0pt;\" height=\"20\">HINNEBAUT<span style=\"mso-spacerun: yes;\">&nbsp;<\/span><\/td>\n<td>Micka\u00ebl<\/td>\n<td>DAIS<\/td>\n<td>&nbsp;<\/td>\n<td class=\"xl65\">2018<\/td>\n<\/tr>\n<tr style=\"height: 15.0pt;\">\n<td style=\"height: 15.0pt;\" height=\"20\">KARAJ<\/td>\n<td>Christos<\/td>\n<td>DRUIVENSTREEK<\/td>\n<td>&nbsp;<\/td>\n<td align=\"right\">2017<\/td>\n<\/tr>\n<tr style=\"height: 15.0pt;\">\n<td style=\"height: 15.0pt;\" height=\"20\">DREZE<\/td>\n<td>Alexandre<\/td>\n<td>LA CORDEE<\/td>\n<td>&nbsp;<\/td>\n<td align=\"right\">2016<\/td>\n<\/tr>\n<tr style=\"height: 15.0pt;\">\n<td style=\"height: 15.0pt;\" height=\"20\">VAN HEES<\/td>\n<td>Guy<\/td>\n<td>SPELIN WIJCHMAAL<\/td>\n<td>&nbsp;<\/td>\n<td align=\"right\">2015<\/td>\n<\/tr>\n<tr style=\"height: 15.0pt;\">\n<td style=\"height: 15.0pt;\" height=\"20\">DELENS<\/td>\n<td>Eric<\/td>\n<td>ATLASH<\/td>\n<td>Tihange<\/td>\n<td align=\"right\">2013<\/td>\n<\/tr>\n<tr style=\"height: 15.0pt;\">\n<td style=\"height: 15.0pt;\" height=\"20\">CEURVELT<\/td>\n<td>Mieke<\/td>\n<td>BLIJDORP<\/td>\n<td>&nbsp;<\/td>\n<td align=\"right\">2012<\/td>\n<\/tr>\n<tr style=\"height: 15.0pt;\">\n<td style=\"height: 15.0pt;\" height=\"20\">VAN HEES<\/td>\n<td>Micheline<\/td>\n<td>t VOSJE<\/td>\n<td>&nbsp;<\/td>\n<td align=\"right\">2011<\/td>\n<\/tr>\n<tr style=\"height: 15.0pt;\">\n<td style=\"height: 15.0pt;\" height=\"20\">DE MOT<\/td>\n<td>Mieke<\/td>\n<td>DAIS<\/td>\n<td>&nbsp;<\/td>\n<td class=\"xl65\">2010<\/td>\n<\/tr>\n<tr style=\"height: 15.0pt;\">\n<td style=\"height: 15.0pt;\" height=\"20\">LEUNE<\/td>\n<td>Delphien<\/td>\n<td>TANDEM WEST<\/td>\n<td>&nbsp;<\/td>\n<td align=\"right\">2009<\/td>\n<\/tr>\n<tr style=\"height: 15.0pt;\">\n<td style=\"height: 15.0pt;\" height=\"20\">Danny<\/td>\n<td>Danny<\/td>\n<td>HAVENZATE<\/td>\n<td>Veurne<\/td>\n<td align=\"right\">2008<\/td>\n<\/tr>\n<tr style=\"height: 15.0pt;\">\n<td style=\"height: 15.0pt;\" height=\"20\">DEPREZ<\/td>\n<td>Tim<\/td>\n<td>HOGE KOUTER<\/td>\n<td>&nbsp;<\/td>\n<td align=\"right\">2007<\/td>\n<\/tr>\n<tr style=\"height: 15.0pt;\">\n<td style=\"height: 15.0pt;\" height=\"20\">DEPAUW<\/td>\n<td>Geert<\/td>\n<td>MOLENKREKELS<\/td>\n<td>&nbsp;<\/td>\n<td align=\"right\">2006<\/td>\n<\/tr>\n<tr style=\"height: 15.0pt;\">\n<td style=\"height: 15.0pt;\" height=\"20\">MARCOEU<\/td>\n<td>Tijl<\/td>\n<td>SCHOON DER HAGE<\/td>\n<td>&nbsp;<\/td>\n<td align=\"right\">2004<\/td>\n<\/tr>\n<tr style=\"height: 15.0pt;\">\n<td style=\"height: 15.0pt;\" height=\"20\">VANSYMAES<\/td>\n<td>B\u00e9n\u00e9dicte<\/td>\n<td>L&#8217;ENVOL<\/td>\n<td>Mouscron<\/td>\n<td align=\"right\">2003<\/td>\n<\/tr>\n<tr style=\"height: 15.0pt;\">\n<td style=\"height: 15.0pt;\" height=\"20\">NO\u00cbL<\/td>\n<td>Fran\u00e7oise<\/td>\n<td>Les BLEUETS<\/td>\n<td>Amay<\/td>\n<td align=\"right\">2002<\/td>\n<\/tr>\n<tr style=\"height: 15.0pt;\">\n<td style=\"height: 15.0pt;\" height=\"20\">SELOSSE<span style=\"mso-spacerun: yes;\">&nbsp;<\/span><\/td>\n<td>Pascale<\/td>\n<td>La CIGALIERE<\/td>\n<td>Dottignies<\/td>\n<td align=\"right\">2001<\/td>\n<\/tr>\n<tr style=\"height: 15.0pt;\">\n<td style=\"height: 15.0pt;\" height=\"20\">DESMET<\/td>\n<td>Cathy<\/td>\n<td>HAVENZATE<\/td>\n<td>Veurne<\/td>\n<td align=\"right\">2001<\/td>\n<\/tr>\n<tr style=\"height: 15.0pt;\">\n<td style=\"height: 15.0pt;\" height=\"20\">MATHE\u00cf<\/td>\n<td>Stefan<\/td>\n<td>WIRIC<\/td>\n<td>Sint-Truiden<\/td>\n<td align=\"right\">2001<\/td>\n<\/tr>\n<tr style=\"height: 15.0pt;\">\n<td style=\"height: 15.0pt;\" height=\"20\">WAETERVLIET<\/td>\n<td>Carine<\/td>\n<td>t KASTEELTJE<\/td>\n<td>Wondelgem<\/td>\n<td align=\"right\">2000<\/td>\n<\/tr>\n<tr style=\"height: 15.0pt;\">\n<td style=\"height: 15.0pt;\" height=\"20\">FLOHIMONT<\/td>\n<td>Jo\u00ebl<\/td>\n<td>ATLASH<\/td>\n<td>Tihange<\/td>\n<td align=\"right\">1999<\/td>\n<\/tr>\n<tr style=\"height: 15.0pt;\">\n<td style=\"height: 15.0pt;\" height=\"20\">BELLIL<\/td>\n<td>Isabelle<\/td>\n<td>BARRACCUDA<\/td>\n<td>Rumes<\/td>\n<td align=\"right\">1998<\/td>\n<\/tr>\n<tr style=\"height: 15.0pt;\">\n<td style=\"height: 15.0pt;\" height=\"20\">VERDURME<\/td>\n<td>Isabelle<\/td>\n<td>De VIERKLAVER<\/td>\n<td>Landegem<\/td>\n<td align=\"right\">1997<\/td>\n<\/tr>\n<tr style=\"height: 15.0pt;\">\n<td style=\"height: 15.0pt;\" height=\"20\">MOENS<\/td>\n<td>Mieke<\/td>\n<td>DE VALIER<\/td>\n<td>Liedekerke<\/td>\n<td align=\"right\">1996<\/td>\n<\/tr>\n<tr style=\"height: 15.0pt;\">\n<td style=\"height: 15.0pt;\" height=\"20\">MANCEAU<\/td>\n<td>Olivier<\/td>\n<td>Les KOLOUTES<\/td>\n<td>Grez-Doiceau<\/td>\n<td align=\"right\">1995<\/td>\n<\/tr>\n<tr style=\"height: 15.0pt;\">\n<td style=\"height: 15.0pt;\" height=\"20\">VERDUYCHT<\/td>\n<td>Patrica<\/td>\n<td>La SEVE<\/td>\n<td>Xhendelesse<\/td>\n<td align=\"right\">1994<\/td>\n<\/tr>\n<tr style=\"height: 15.0pt;\">\n<td style=\"height: 15.0pt;\" height=\"20\">DI LUCA<\/td>\n<td>Stella<\/td>\n<td>Les BLEUETS<\/td>\n<td>Amay<\/td>\n<td align=\"right\">1993<\/td>\n<\/tr>\n<tr style=\"height: 15.0pt;\">\n<td style=\"height: 15.0pt;\" height=\"20\">BRANCQ<\/td>\n<td>Nathalie<\/td>\n<td>MOSPO<\/td>\n<td>Herseaux<\/td>\n<td align=\"right\">1992<\/td>\n<\/tr>\n<\/tbody>\n<\/table>\t\t\t\t\t\t<\/div>\n\t\t\t\t<\/div>\n\t\t\t\t\t<\/div>\n\t\t<\/div>\n\t\t\t\t\t\t\t<\/div>\n\t\t<\/section>\n\t\t\t\t<section class=\"elementor-section elementor-top-section elementor-element elementor-element-5b0b2fd elementor-section-boxed elementor-section-height-default elementor-section-height-default\" data-id=\"5b0b2fd\" data-element_type=\"section\">\n\t\t\t\t\t\t<div class=\"elementor-container elementor-column-gap-default\">\n\t\t\t\t\t<div class=\"elementor-column elementor-col-50 elementor-top-column elementor-element elementor-element-4b91498\" data-id=\"4b91498\" data-element_type=\"column\">\n\t\t\t<div class=\"elementor-widget-wrap elementor-element-populated\">\n\t\t\t\t\t\t\t\t<div class=\"elementor-element elementor-element-bfbdcd3 elementor-widget elementor-widget-image\" data-id=\"bfbdcd3\" data-element_type=\"widget\" data-widget_type=\"image.default\">\n\t\t\t\t<div class=\"elementor-widget-container\">\n\t\t\t\t\t\t\t\t\t\t\t\t\t\t\t<img src=\"https:\/\/www.fondsantoinedopchie.org\/wp-content\/uploads\/2020\/12\/Copie-de-SOB-060.jpg\" title=\"\" alt=\"\" \/>\t\t\t\t\t\t\t\t\t\t\t\t\t\t\t<\/div>\n\t\t\t\t<\/div>\n\t\t\t\t\t<\/div>\n\t\t<\/div>\n\t\t\t\t<div class=\"elementor-column elementor-col-50 elementor-top-column elementor-element elementor-element-cdbd83a\" data-id=\"cdbd83a\" data-element_type=\"column\">\n\t\t\t<div class=\"elementor-widget-wrap elementor-element-populated\">\n\t\t\t\t\t\t\t\t<div class=\"elementor-element elementor-element-45b4d24 elementor-widget elementor-widget-image\" data-id=\"45b4d24\" data-element_type=\"widget\" data-widget_type=\"image.default\">\n\t\t\t\t<div class=\"elementor-widget-container\">\n\t\t\t\t\t\t\t\t\t\t\t\t\t\t\t<img src=\"https:\/\/www.fondsantoinedopchie.org\/wp-content\/uploads\/2020\/12\/Copie-de-SOB-057.jpg\" title=\"\" alt=\"\" \/>\t\t\t\t\t\t\t\t\t\t\t\t\t\t\t<\/div>\n\t\t\t\t<\/div>\n\t\t\t\t\t<\/div>\n\t\t<\/div>\n\t\t\t\t\t\t\t<\/div>\n\t\t<\/section>\n\t\t\t\t<section class=\"elementor-section elementor-top-section elementor-element elementor-element-f649312 elementor-section-boxed elementor-section-height-default elementor-section-height-default\" data-id=\"f649312\" data-element_type=\"section\">\n\t\t\t\t\t\t<div class=\"elementor-container elementor-column-gap-default\">\n\t\t\t\t\t<div class=\"elementor-column elementor-col-50 elementor-top-column elementor-element elementor-element-c42af22\" data-id=\"c42af22\" data-element_type=\"column\">\n\t\t\t<div class=\"elementor-widget-wrap elementor-element-populated\">\n\t\t\t\t\t\t\t\t<div class=\"elementor-element elementor-element-6e97ac5 elementor-widget elementor-widget-image\" data-id=\"6e97ac5\" data-element_type=\"widget\" data-widget_type=\"image.default\">\n\t\t\t\t<div class=\"elementor-widget-container\">\n\t\t\t\t\t\t\t\t\t\t\t\t\t\t\t<img src=\"https:\/\/www.fondsantoinedopchie.org\/wp-content\/uploads\/2020\/12\/Copie-de-2018_Dopchie_winnaar_NVB_SOB_0623-scaled.jpg\" title=\"\" alt=\"\" \/>\t\t\t\t\t\t\t\t\t\t\t\t\t\t\t<\/div>\n\t\t\t\t<\/div>\n\t\t\t\t\t<\/div>\n\t\t<\/div>\n\t\t\t\t<div class=\"elementor-column elementor-col-50 elementor-top-column elementor-element elementor-element-3525c76\" data-id=\"3525c76\" data-element_type=\"column\">\n\t\t\t<div class=\"elementor-widget-wrap elementor-element-populated\">\n\t\t\t\t\t\t\t\t<div class=\"elementor-element elementor-element-0e09717 elementor-widget elementor-widget-image\" data-id=\"0e09717\" data-element_type=\"widget\" data-widget_type=\"image.default\">\n\t\t\t\t<div class=\"elementor-widget-container\">\n\t\t\t\t\t\t\t\t\t\t\t\t\t\t\t<img src=\"https:\/\/www.fondsantoinedopchie.org\/wp-content\/uploads\/2020\/12\/Copie-de-2017_Kristof-Karaj-scaled.jpeg\" title=\"\" alt=\"\" \/>\t\t\t\t\t\t\t\t\t\t\t\t\t\t\t<\/div>\n\t\t\t\t<\/div>\n\t\t\t\t<div class=\"elementor-element elementor-element-76e835d elementor-widget elementor-widget-image\" data-id=\"76e835d\" data-element_type=\"widget\" data-widget_type=\"image.default\">\n\t\t\t\t<div class=\"elementor-widget-container\">\n\t\t\t\t\t\t\t\t\t\t\t\t\t\t\t<img src=\"https:\/\/www.fondsantoinedopchie.org\/wp-content\/uploads\/2020\/12\/Copie-de-2019_NS_10-scaled.jpeg\" title=\"\" alt=\"\" \/>\t\t\t\t\t\t\t\t\t\t\t\t\t\t\t<\/div>\n\t\t\t\t<\/div>\n\t\t\t\t\t<\/div>\n\t\t<\/div>\n\t\t\t\t\t\t\t<\/div>\n\t\t<\/section>\n\t\t\t\t<section class=\"elementor-section elementor-top-section elementor-element elementor-element-c9bf22a elementor-section-boxed elementor-section-height-default elementor-section-height-default\" data-id=\"c9bf22a\" data-element_type=\"section\">\n\t\t\t\t\t\t<div class=\"elementor-container elementor-column-gap-default\">\n\t\t\t\t\t<div class=\"elementor-column elementor-col-100 elementor-top-column elementor-element elementor-element-7ebee69\" data-id=\"7ebee69\" data-element_type=\"column\">\n\t\t\t<div class=\"elementor-widget-wrap elementor-element-populated\">\n\t\t\t\t\t\t\t\t<div class=\"elementor-element elementor-element-9e21cec elementor-widget elementor-widget-image\" data-id=\"9e21cec\" data-element_type=\"widget\" data-widget_type=\"image.default\">\n\t\t\t\t<div class=\"elementor-widget-container\">\n\t\t\t\t\t\t\t\t\t\t\t\t\t\t\t<img src=\"https:\/\/www.fondsantoinedopchie.org\/wp-content\/uploads\/2020\/12\/Copie-de-SOB-056.jpg\" title=\"\" alt=\"\" \/>\t\t\t\t\t\t\t\t\t\t\t\t\t\t\t<\/div>\n\t\t\t\t<\/div>\n\t\t\t\t\t<\/div>\n\t\t<\/div>\n\t\t\t\t\t\t\t<\/div>\n\t\t<\/section>\n\t\t\t\t\t\t<\/div>\n\t\t\t\t\t<\/div>\n\t\t","protected":false},"excerpt":{"rendered":"<p>Liste des laur\u00e9ats du prix athl\u00e8te NL. Nom Athl\u00e8te Pr\u00e9nom Athl\u00e8te Nom Club Ville Ann\u00e9e laur\u00e9at DENAYER Mieke DAIS &nbsp; 2019 HINNEBAUT&nbsp; Micka\u00ebl DAIS &nbsp; 2018 KARAJ Christos DRUIVENSTREEK &nbsp; 2017 DREZE Alexandre LA CORDEE &nbsp; 2016 VAN HEES Guy SPELIN WIJCHMAAL &nbsp; 2015 DELENS Eric ATLASH Tihange 2013 CEURVELT Mieke BLIJDORP &nbsp; 2012 VAN [&hellip;]<\/p>\n","protected":false},"author":1,"featured_media":0,"parent":0,"menu_order":0,"comment_status":"closed","ping_status":"closed","template":"","meta":[],"_links":{"self":[{"href":"https:\/\/www.taranis.be\/index.php\/wp-json\/wp\/v2\/pages\/569"}],"collection":[{"href":"https:\/\/www.taranis.be\/index.php\/wp-json\/wp\/v2\/pages"}],"about":[{"href":"https:\/\/www.taranis.be\/index.php\/wp-json\/wp\/v2\/types\/page"}],"author":[{"embeddable":true,"href":"https:\/\/www.taranis.be\/index.php\/wp-json\/wp\/v2\/users\/1"}],"replies":[{"embeddable":true,"href":"https:\/\/www.taranis.be\/index.php\/wp-json\/wp\/v2\/comments?post=569"}],"version-history":[{"count":4,"href":"https:\/\/www.taranis.be\/index.php\/wp-json\/wp\/v2\/pages\/569\/revisions"}],"predecessor-version":[{"id":573,"href":"https:\/\/www.taranis.be\/index.php\/wp-json\/wp\/v2\/pages\/569\/revisions\/573"}],"wp:attachment":[{"href":"https:\/\/www.taranis.be\/index.php\/wp-json\/wp\/v2\/media?parent=569"}],"curies":[{"name":"wp","href":"https:\/\/api.w.org\/{rel}","templated":true}]}}