{"id":542,"date":"2021-10-24T13:57:42","date_gmt":"2021-10-24T11:57:42","guid":{"rendered":"http:\/\/taranis.be\/?page_id=542"},"modified":"2021-10-24T13:57:57","modified_gmt":"2021-10-24T11:57:57","slug":"fondation-roi-bauduin-2","status":"publish","type":"page","link":"https:\/\/www.taranis.be\/index.php\/nl\/fondation-roi-bauduin-2\/","title":{"rendered":"Fondation Roi Bauduin"},"content":{"rendered":"\t\t<div data-elementor-type=\"wp-page\" data-elementor-id=\"542\" class=\"elementor elementor-542\" data-elementor-settings=\"[]\">\n\t\t\t\t\t\t\t<div class=\"elementor-section-wrap\">\n\t\t\t\t\t\t\t<section class=\"elementor-section elementor-top-section elementor-element elementor-element-c34ec77 elementor-section-boxed elementor-section-height-default elementor-section-height-default\" data-id=\"c34ec77\" data-element_type=\"section\">\n\t\t\t\t\t\t<div class=\"elementor-container elementor-column-gap-default\">\n\t\t\t\t\t<div class=\"elementor-column elementor-col-100 elementor-top-column elementor-element elementor-element-774cd51\" data-id=\"774cd51\" data-element_type=\"column\">\n\t\t\t<div class=\"elementor-widget-wrap elementor-element-populated\">\n\t\t\t\t\t\t\t\t<div class=\"elementor-element elementor-element-f57b1c0 elementor-widget elementor-widget-image\" data-id=\"f57b1c0\" data-element_type=\"widget\" data-widget_type=\"image.default\">\n\t\t\t\t<div class=\"elementor-widget-container\">\n\t\t\t\t\t\t\t\t\t\t\t\t\t\t\t<img src=\"http:\/\/www.fondsantoinedopchie.org\/wp-content\/uploads\/2020\/12\/KBSFRB_logo_NFtxt.gif\" title=\"\" alt=\"\" \/>\t\t\t\t\t\t\t\t\t\t\t\t\t\t\t<\/div>\n\t\t\t\t<\/div>\n\t\t\t\t\t<\/div>\n\t\t<\/div>\n\t\t\t\t\t\t\t<\/div>\n\t\t<\/section>\n\t\t\t\t<section class=\"elementor-section elementor-top-section elementor-element elementor-element-2c4326f elementor-section-boxed elementor-section-height-default elementor-section-height-default\" data-id=\"2c4326f\" data-element_type=\"section\">\n\t\t\t\t\t\t<div class=\"elementor-container elementor-column-gap-default\">\n\t\t\t\t\t<div class=\"elementor-column elementor-col-100 elementor-top-column elementor-element elementor-element-51c5dd3\" data-id=\"51c5dd3\" data-element_type=\"column\">\n\t\t\t<div class=\"elementor-widget-wrap elementor-element-populated\">\n\t\t\t\t\t\t\t\t<div class=\"elementor-element elementor-element-9e6ef2f elementor-widget elementor-widget-text-editor\" data-id=\"9e6ef2f\" data-element_type=\"widget\" data-widget_type=\"text-editor.default\">\n\t\t\t\t<div class=\"elementor-widget-container\">\n\t\t\t\t\t\t\t<p><b>Fondation Roi Baudouin NL<\/b><\/p>\n<p><b>Agir ensemble pour une soci\u00e9t\u00e9 meilleure <br><\/b><\/p>\n<p>La Fondation Roi Baudouin a pour mission de contribuer \u00e0 une soci\u00e9t\u00e9 meilleure en Belgique, en Europe et dans le monde.<\/p>\n<p>La Fondation est, en Belgique et en Europe, un acteur de changement et d\u2019innovation au service de l\u2019int\u00e9r\u00eat g\u00e9n\u00e9ral et de la coh\u00e9sion sociale. Elle cherche \u00e0 maximiser son impact en renfor\u00e7ant les capacit\u00e9s des organisations et des personnes. Elle encourage une philanthropie efficace des particuliers et des entreprises.<\/p>\n<p>Ses valeurs principales sont l\u2019int\u00e9grit\u00e9 et la transparence, le pluralisme et l\u2019ind\u00e9pendance, le respect de la diversit\u00e9 et la promotion de la solidarit\u00e9.<\/p>\n<p>Notre vision pour l\u2019avenir : ancrer nos activit\u00e9s \u00e0 tous les niveaux en Belgique, continuer \u00e0 positionner la Fondation Roi Baudouin sur la sc\u00e8ne europ\u00e9enne et, \u00e0 l\u2019\u00e9chelle internationale, devenir un acteur de r\u00e9f\u00e9rence de la philanthropie transfrontali\u00e8re, notamment gr\u00e2ce notre \u2033famille\u2033: KBFUS et KBF Canada.<\/p>\n<p>Nous d\u00e9ployons des activit\u00e9s autour des programmes suivants au service de l\u2019int\u00e9r\u00eat g\u00e9n\u00e9ral :&nbsp;<\/p>\n<p>&#8211; Justice sociale et pauvret\u00e9<\/p>\n<p>&#8211; Sant\u00e9<\/p>\n<p>&#8211; Patrimoine et culture<\/p>\n<p>&#8211; Engagement soci\u00e9tal<\/p>\n<p>&#8211; Afrique, Am\u00e9rique latine, Asie<\/p>\n<p>&#8211; Enseignement et d\u00e9veloppement des talents<\/p>\n<p>&#8211; Europe<\/p>\n<p>&#8211; Climat, environnement et biodiversit\u00e9<\/p>\n<p>La Fondation a \u00e9t\u00e9 cr\u00e9\u00e9e en 1976, \u00e0 l&#8217;occasion des 25 ans de r\u00e8gne du roi Baudouin.<\/p>\n<p><b>Merci \u00e0 la Loterie Nationale et \u00e0 ses joueurs, ainsi qu\u2019\u00e0 nos nombreux donateurs pour leur engagement.<\/b><\/p>\n<p>kbs-frb.be &nbsp; Abonnez-vous \u00e0 notre e-news&nbsp;&nbsp;&nbsp;&nbsp; bonnescauses.be<\/p>\n<p>Suivez-nous sur <a href=\"http:\/\/www.facebook.com\/pages\/Koning-Boudewijnstichting\/183841191717055\">Facebook&nbsp;<\/a>&nbsp;|&nbsp;<a href=\"https:\/\/twitter.com\/#!\/KBS_FRB\">Twitter<\/a>&nbsp;|&nbsp;YouTube | <a href=\"http:\/\/www.linkedin.com\/company\/39038?trk=tyah\">LinkedIn<\/a>&nbsp; | <a href=\"http:\/\/www.linkedin.com\/company\/39038?trk=tyah\">Instagram<\/a><i>&nbsp;<\/i><\/p>\n<p>Fondation Roi Baudouin, fondation d\u2019utilit\u00e9 publique&nbsp;&nbsp;&nbsp;<\/p>\n<p>Rue Brederode 21&nbsp; 1000 Bruxelles &nbsp;&nbsp;&nbsp; &nbsp; &nbsp; info@kbs-frb.be&nbsp; &nbsp; &nbsp; &nbsp; &nbsp; 02-500 45 55<\/p>\n<p>Les dons \u00e0 partir de 40 euros sur notre compte IBAN: BE10 0000 0000 0404 \u2013 BIC: BPOTBEB1 b\u00e9n\u00e9ficient d\u2019une r\u00e9duction d\u2019imp\u00f4t de 45 % du montant effectivement vers\u00e9.&nbsp;<\/p>\n<p>Suite \u00e0 la crise du COVID-19, le gouvernement f\u00e9d\u00e9ral a annonc\u00e9 le 12 juin 2020 que la d\u00e9duction fiscale pour les dons effectu\u00e9s en 2020 est port\u00e9e \u00e0 60 % du montant donn\u00e9. En outre, la part du revenu net entrant en ligne de compte pour la diminution d&#8217;imp\u00f4t pour dons est port\u00e9e de 10 % \u00e0 20 %.<\/p>\t\t\t\t\t\t<\/div>\n\t\t\t\t<\/div>\n\t\t\t\t\t<\/div>\n\t\t<\/div>\n\t\t\t\t\t\t\t<\/div>\n\t\t<\/section>\n\t\t\t\t<section class=\"elementor-section elementor-top-section elementor-element elementor-element-3af0a9f elementor-section-boxed elementor-section-height-default elementor-section-height-default\" data-id=\"3af0a9f\" data-element_type=\"section\">\n\t\t\t\t\t\t<div class=\"elementor-container elementor-column-gap-default\">\n\t\t\t\t\t<div class=\"elementor-column elementor-col-100 elementor-top-column elementor-element elementor-element-5cea5f3\" data-id=\"5cea5f3\" data-element_type=\"column\">\n\t\t\t<div class=\"elementor-widget-wrap elementor-element-populated\">\n\t\t\t\t\t\t\t\t<div class=\"elementor-element elementor-element-f4813ea elementor-widget elementor-widget-text-editor\" data-id=\"f4813ea\" data-element_type=\"widget\" data-widget_type=\"text-editor.default\">\n\t\t\t\t<div class=\"elementor-widget-container\">\n\t\t\t\t\t\t\t<p><b>Koning Boudewijnstichting<\/b><\/p><p><b>Samen werken aan een betere samenleving\u00a0 <br \/><\/b><\/p><p>De Koning Boudewijnstichting heeft als opdracht bij te dragen tot een betere samenleving in Belgi\u00eb, in Europa en in de wereld.<\/p><p>De Stichting is in Belgi\u00eb en Europa een actor van verandering en innovatie in dienst van het algemeen belang en van de maatschappelijke cohesie. Ze zet zich in om een maximale impact te realiseren door de competenties van organisaties en personen te versterken. Ze stimuleert doeltreffende filantropie bij personen en ondernemingen.<\/p><p>Integriteit en transparantie, bevorderen van solidariteit, respect voor diversiteit, pluralisme en onafhankelijkheid zijn haar belangrijkste waarden.<\/p><p>\u00a0<\/p><p>Onze visie voor de toekomst: in Belgi\u00eb onze activiteiten op alle niveaus verankeren, in Europa KBF verder op de kaart zetten en internationaal een belangrijke speler worden in grensoverschrijdende filantropie \u2013 mede dankzij onze KBF Family: KBFUS en KBF Canada.<\/p><p>\u00a0<\/p><p>We ontplooien activiteiten rond deze programma\u2019s in dienst van het algemeen belang:\u00a0<\/p><ul><li>sociale rechtvaardigheid &amp; armoede<\/li><li>gezondheid<\/li><li>erfgoed en cultuur<\/li><li>maatschappelijk engagement<\/li><li>Afrika, Latijns-Amerika, Azi\u00eb<\/li><li>onderwijs en ontwikkeling van talenten<\/li><li>Europa<\/li><li>Klimaat, milieu en biodiversiteit.<\/li><\/ul><p>De Koning Boudewijnstichting werd opgericht in 1976, toen Koning Boudewijn 25 jaar koning was.<\/p><p>\u00a0<\/p><p><b>Dank aan de Nationale Loterij en haar spelers, en aan onze vele schenkers voor hun engagement.<\/b><\/p><p><a href=\"http:\/\/www.kbs-frb.be\">kbs-frb.be<\/a>\u00a0\u00a0\u00a0\u00a0Abonneer u op onze e-news\u00a0\u00a0 <a href=\"http:\/\/www.goededoelen.be\">goededoelen.be<\/a><\/p><p>Volg ons op <a href=\"http:\/\/www.facebook.com\/pages\/Koning-Boudewijnstichting\/183841191717055\">Facebook\u00a0<\/a>\u00a0|\u00a0<a href=\"https:\/\/twitter.com\/#!\/KBS_FRB\">Twitter<\/a>\u00a0|\u00a0<a href=\"http:\/\/www.youtube.com\/user\/KBSFRBvideo\">YouTube<\/a> | <a href=\"http:\/\/www.linkedin.com\/company\/39038?trk=tyah\">LinkedIn<\/a> | <a href=\"http:\/\/www.linkedin.com\/company\/39038?trk=tyah\">In<\/a>stagram <i>(=pictogrammen)<\/i><\/p><p>\u00a0<\/p><p>Koning Boudewijnstichting, stichting van openbaar nut\u00a0\u00a0\u00a0\u00a0\u00a0<\/p><p>Brederodestraat 21, 1000 Brussel\u00a0 \u00a0 info@kbs-frb.be \u00a0 \u00a0 02-500 45 55<\/p><p>Giften vanaf 40 euro op onze rekening IBAN: BE10 0000 0000 0404 \u2013 BIC: BPOTBEB1 geven aanleiding tot een belastingvermindering van 45% op het werkelijk gestorte bedrag.<\/p><p>Naar aanleiding van de COVID-19-crisis kondigde de federale regering op 12 juni 2020 aan dat de fiscale aftrek verhoogd wordt naar 60% van het geschonken bedrag, voor giften die worden gedaan in het jaar 2020. Daarnaast wordt het deel van het netto-inkomen dat in aanmerking komt voor de belastingvermindering voor giften verhoogd van 10% naar 20%.<\/p><p>\u00a0<\/p>\t\t\t\t\t\t<\/div>\n\t\t\t\t<\/div>\n\t\t\t\t\t<\/div>\n\t\t<\/div>\n\t\t\t\t\t\t\t<\/div>\n\t\t<\/section>\n\t\t\t\t\t\t<\/div>\n\t\t\t\t\t<\/div>\n\t\t","protected":false},"excerpt":{"rendered":"<p>Fondation Roi Baudouin NL Agir ensemble pour une soci\u00e9t\u00e9 meilleure La Fondation Roi Baudouin a pour mission de contribuer \u00e0 une soci\u00e9t\u00e9 meilleure en Belgique, en Europe et dans le monde. La Fondation est, en Belgique et en Europe, un acteur de changement et d\u2019innovation au service de l\u2019int\u00e9r\u00eat g\u00e9n\u00e9ral et de la coh\u00e9sion sociale. [&hellip;]<\/p>\n","protected":false},"author":1,"featured_media":0,"parent":0,"menu_order":0,"comment_status":"closed","ping_status":"closed","template":"","meta":[],"_links":{"self":[{"href":"https:\/\/www.taranis.be\/index.php\/wp-json\/wp\/v2\/pages\/542"}],"collection":[{"href":"https:\/\/www.taranis.be\/index.php\/wp-json\/wp\/v2\/pages"}],"about":[{"href":"https:\/\/www.taranis.be\/index.php\/wp-json\/wp\/v2\/types\/page"}],"author":[{"embeddable":true,"href":"https:\/\/www.taranis.be\/index.php\/wp-json\/wp\/v2\/users\/1"}],"replies":[{"embeddable":true,"href":"https:\/\/www.taranis.be\/index.php\/wp-json\/wp\/v2\/comments?post=542"}],"version-history":[{"count":4,"href":"https:\/\/www.taranis.be\/index.php\/wp-json\/wp\/v2\/pages\/542\/revisions"}],"predecessor-version":[{"id":546,"href":"https:\/\/www.taranis.be\/index.php\/wp-json\/wp\/v2\/pages\/542\/revisions\/546"}],"wp:attachment":[{"href":"https:\/\/www.taranis.be\/index.php\/wp-json\/wp\/v2\/media?parent=542"}],"curies":[{"name":"wp","href":"https:\/\/api.w.org\/{rel}","templated":true}]}}