{"id":424,"date":"2020-12-12T12:00:26","date_gmt":"2020-12-12T11:00:26","guid":{"rendered":"http:\/\/www.fondsantoinedopchie.org\/?page_id=424"},"modified":"2020-12-12T12:00:26","modified_gmt":"2020-12-12T11:00:26","slug":"prix-clubs","status":"publish","type":"page","link":"https:\/\/www.taranis.be\/index.php\/prix-clubs\/","title":{"rendered":"Prix clubs"},"content":{"rendered":"\t\t<div data-elementor-type=\"wp-page\" data-elementor-id=\"424\" class=\"elementor elementor-424\" data-elementor-settings=\"[]\">\n\t\t\t\t\t\t\t<div class=\"elementor-section-wrap\">\n\t\t\t\t\t\t\t<section class=\"elementor-section elementor-top-section elementor-element elementor-element-fd61a56 elementor-section-boxed elementor-section-height-default elementor-section-height-default\" data-id=\"fd61a56\" data-element_type=\"section\">\n\t\t\t\t\t\t<div class=\"elementor-container elementor-column-gap-default\">\n\t\t\t\t\t<div class=\"elementor-column elementor-col-100 elementor-top-column elementor-element elementor-element-55d3e0c\" data-id=\"55d3e0c\" data-element_type=\"column\">\n\t\t\t<div class=\"elementor-widget-wrap elementor-element-populated\">\n\t\t\t\t\t\t\t\t<div class=\"elementor-element elementor-element-3c4f4e9 elementor-widget elementor-widget-text-editor\" data-id=\"3c4f4e9\" data-element_type=\"widget\" data-widget_type=\"text-editor.default\">\n\t\t\t\t<div class=\"elementor-widget-container\">\n\t\t\t\t\t\t\t<p><strong>Liste des laur\u00e9ats Prix club.<\/strong><\/p><table width=\"404\"><tbody><tr><td width=\"150\">Nom Club<\/td><td width=\"75\">Code postal<\/td><td width=\"75\">Ville<\/td><td width=\"104\">Ann\u00e9e laur\u00e9at<\/td><\/tr><tr><td>EMBARQUEMENT IMMEDIAT<\/td><td>4000<\/td><td>Li\u00e8ge<\/td><td>2019<\/td><\/tr><tr><td>ZONNEHOEVE<\/td><td>9810<\/td><td>Eke-Nazareth<\/td><td>2018<\/td><\/tr><tr><td>AVALI LUMMEN<\/td><td>\u00a0<\/td><td>\u00a0<\/td><td>2017<\/td><\/tr><tr><td>DAIS<\/td><td>\u00a0<\/td><td>\u00a0<\/td><td>2016<\/td><\/tr><tr><td>L&#8217;ENVOL<\/td><td>\u00a0<\/td><td>\u00a0<\/td><td>2015<\/td><\/tr><tr><td>HOGE KOUTER<\/td><td>\u00a0<\/td><td>\u00a0<\/td><td>2013<\/td><\/tr><tr><td>LA CORDEE<\/td><td>\u00a0<\/td><td>\u00a0<\/td><td>2012<\/td><\/tr><tr><td>LES OURSONS<\/td><td>\u00a0<\/td><td>\u00a0<\/td><td>2011<\/td><\/tr><tr><td>Z GEEL<\/td><td>\u00a0<\/td><td>\u00a0<\/td><td>2010<\/td><\/tr><tr><td>AVALYMPICS-LIMBURG<\/td><td>3260<\/td><td>Diest<\/td><td>2009<\/td><\/tr><tr><td>MASS &#8211; prix sp\u00e9cial<\/td><td>\u00a0<\/td><td>\u00a0<\/td><td>2008<\/td><\/tr><tr><td>TER LINDE<\/td><td>\u00a0<\/td><td>\u00a0<\/td><td>2008<\/td><\/tr><tr><td>L&#8217;ENVOLEE<\/td><td>\u00a0<\/td><td>\u00a0<\/td><td>2007<\/td><\/tr><tr><td>DELTA<\/td><td>\u00a0<\/td><td>\u00a0<\/td><td>2006<\/td><\/tr><tr><td>KERCKSTEDE<\/td><td>8840<\/td><td>Oostnieuwekerke<\/td><td>2005<\/td><\/tr><tr><td>THALIA<\/td><td>\u00a0<\/td><td>\u00a0<\/td><td>2004<\/td><\/tr><tr><td>BLIJDORP<\/td><td>9255<\/td><td>Buggehout<\/td><td>2003<\/td><\/tr><tr><td>Les KOLOUTES<\/td><td>1390<\/td><td>Grez-Doiceau<\/td><td>2002<\/td><\/tr><tr><td>AVALYMPICS-LIMBURG<\/td><td>3260<\/td><td>Diest<\/td><td>2001<\/td><\/tr><tr><td>A.T.L.A.S.H.<\/td><td>4500<\/td><td>Tihange<\/td><td>2001<\/td><\/tr><tr><td>HAVENZATE<\/td><td>8630<\/td><td>Veurne<\/td><td>2001<\/td><\/tr><tr><td>Les GRILLONS<\/td><td>4051<\/td><td>Vaux-sous-Ch\u00e8vremont<\/td><td>2000<\/td><\/tr><tr><td>Les BLEUETS<\/td><td>4540<\/td><td>Amay<\/td><td>1999<\/td><\/tr><tr><td>APEM<\/td><td>4802<\/td><td>Heusy<\/td><td>1998<\/td><\/tr><tr><td>Huize ROZENWINGERD<\/td><td>8670<\/td><td>Oostduinkerke<\/td><td>1997<\/td><\/tr><tr><td>Les PLATANES<\/td><td>1170<\/td><td>Bruxelles<\/td><td>1996<\/td><\/tr><tr><td>MOBO<\/td><td>8500<\/td><td>Gent<\/td><td>1995<\/td><\/tr><tr><td>AVALYMPICS-GEEL<\/td><td>2440<\/td><td>Geel<\/td><td>1994<\/td><\/tr><tr><td>La FORESTIERE<\/td><td>1050<\/td><td>Bruxelles<\/td><td>1993<\/td><\/tr><tr><td>KERCKSTEDE<\/td><td>8840<\/td><td>Oostnieuwekerke<\/td><td>1992<\/td><\/tr><\/tbody><\/table>\t\t\t\t\t\t<\/div>\n\t\t\t\t<\/div>\n\t\t\t\t\t<\/div>\n\t\t<\/div>\n\t\t\t\t\t\t\t<\/div>\n\t\t<\/section>\n\t\t\t\t<section class=\"elementor-section elementor-top-section elementor-element elementor-element-ba85ed4 elementor-section-boxed elementor-section-height-default elementor-section-height-default\" data-id=\"ba85ed4\" data-element_type=\"section\">\n\t\t\t\t\t\t<div class=\"elementor-container elementor-column-gap-default\">\n\t\t\t\t\t<div class=\"elementor-column elementor-col-50 elementor-top-column elementor-element elementor-element-3809b73\" data-id=\"3809b73\" data-element_type=\"column\">\n\t\t\t<div class=\"elementor-widget-wrap elementor-element-populated\">\n\t\t\t\t\t\t\t\t<div class=\"elementor-element elementor-element-a532daa elementor-widget elementor-widget-image\" data-id=\"a532daa\" data-element_type=\"widget\" data-widget_type=\"image.default\">\n\t\t\t\t<div class=\"elementor-widget-container\">\n\t\t\t\t\t\t\t\t\t\t\t\t\t\t\t<img src=\"https:\/\/www.fondsantoinedopchie.org\/wp-content\/uploads\/2020\/12\/Copie-de-2017_09.-27052017-Dominique-Dopchie-scaled.jpg\" title=\"\" alt=\"\" \/>\t\t\t\t\t\t\t\t\t\t\t\t\t\t\t<\/div>\n\t\t\t\t<\/div>\n\t\t\t\t\t<\/div>\n\t\t<\/div>\n\t\t\t\t<div class=\"elementor-column elementor-col-50 elementor-top-column elementor-element elementor-element-66fc92b\" data-id=\"66fc92b\" data-element_type=\"column\">\n\t\t\t<div class=\"elementor-widget-wrap elementor-element-populated\">\n\t\t\t\t\t\t\t\t<div class=\"elementor-element elementor-element-acaf00a elementor-widget elementor-widget-image\" data-id=\"acaf00a\" data-element_type=\"widget\" data-widget_type=\"image.default\">\n\t\t\t\t<div class=\"elementor-widget-container\">\n\t\t\t\t\t\t\t\t\t\t\t\t\t\t\t<img src=\"https:\/\/www.fondsantoinedopchie.org\/wp-content\/uploads\/2020\/12\/Copie-de-2017_Club-Avali-Lummen-scaled.jpeg\" title=\"\" alt=\"\" \/>\t\t\t\t\t\t\t\t\t\t\t\t\t\t\t<\/div>\n\t\t\t\t<\/div>\n\t\t\t\t\t<\/div>\n\t\t<\/div>\n\t\t\t\t\t\t\t<\/div>\n\t\t<\/section>\n\t\t\t\t<section class=\"elementor-section elementor-top-section elementor-element elementor-element-6c91483 elementor-section-boxed elementor-section-height-default elementor-section-height-default\" data-id=\"6c91483\" data-element_type=\"section\">\n\t\t\t\t\t\t<div class=\"elementor-container elementor-column-gap-default\">\n\t\t\t\t\t<div class=\"elementor-column elementor-col-50 elementor-top-column elementor-element elementor-element-e9eee9f\" data-id=\"e9eee9f\" data-element_type=\"column\">\n\t\t\t<div class=\"elementor-widget-wrap elementor-element-populated\">\n\t\t\t\t\t\t\t\t<div class=\"elementor-element elementor-element-c84535b elementor-widget elementor-widget-image\" data-id=\"c84535b\" data-element_type=\"widget\" data-widget_type=\"image.default\">\n\t\t\t\t<div class=\"elementor-widget-container\">\n\t\t\t\t\t\t\t\t\t\t\t\t\t\t\t<img src=\"https:\/\/www.fondsantoinedopchie.org\/wp-content\/uploads\/2020\/12\/Copie-de-2018_Dopchie_club_IMG_20180512_113345-scaled.jpg\" title=\"\" alt=\"\" \/>\t\t\t\t\t\t\t\t\t\t\t\t\t\t\t<\/div>\n\t\t\t\t<\/div>\n\t\t\t\t\t<\/div>\n\t\t<\/div>\n\t\t\t\t<div class=\"elementor-column elementor-col-50 elementor-top-column elementor-element elementor-element-78e25e2\" data-id=\"78e25e2\" data-element_type=\"column\">\n\t\t\t<div class=\"elementor-widget-wrap elementor-element-populated\">\n\t\t\t\t\t\t\t\t<div class=\"elementor-element elementor-element-fecc8f8 elementor-widget elementor-widget-image\" data-id=\"fecc8f8\" data-element_type=\"widget\" data-widget_type=\"image.default\">\n\t\t\t\t<div class=\"elementor-widget-container\">\n\t\t\t\t\t\t\t\t\t\t\t\t\t\t\t<img src=\"https:\/\/www.fondsantoinedopchie.org\/wp-content\/uploads\/2020\/12\/Copie-de-2019_NS_11-scaled.jpeg\" title=\"\" alt=\"\" \/>\t\t\t\t\t\t\t\t\t\t\t\t\t\t\t<\/div>\n\t\t\t\t<\/div>\n\t\t\t\t\t<\/div>\n\t\t<\/div>\n\t\t\t\t\t\t\t<\/div>\n\t\t<\/section>\n\t\t\t\t<section class=\"elementor-section elementor-top-section elementor-element elementor-element-c8f2d0a elementor-section-boxed elementor-section-height-default elementor-section-height-default\" data-id=\"c8f2d0a\" data-element_type=\"section\">\n\t\t\t\t\t\t<div class=\"elementor-container elementor-column-gap-default\">\n\t\t\t\t\t<div class=\"elementor-column elementor-col-50 elementor-top-column elementor-element elementor-element-1569cff\" data-id=\"1569cff\" data-element_type=\"column\">\n\t\t\t<div class=\"elementor-widget-wrap elementor-element-populated\">\n\t\t\t\t\t\t\t\t<div class=\"elementor-element elementor-element-00b84dc elementor-widget elementor-widget-image\" data-id=\"00b84dc\" data-element_type=\"widget\" data-widget_type=\"image.default\">\n\t\t\t\t<div class=\"elementor-widget-container\">\n\t\t\t\t\t\t\t\t\t\t\t\t\t\t\t<img src=\"https:\/\/www.fondsantoinedopchie.org\/wp-content\/uploads\/2020\/12\/Copie-de-2019_NS_12-scaled.jpeg\" title=\"\" alt=\"\" \/>\t\t\t\t\t\t\t\t\t\t\t\t\t\t\t<\/div>\n\t\t\t\t<\/div>\n\t\t\t\t\t<\/div>\n\t\t<\/div>\n\t\t\t\t<div class=\"elementor-column elementor-col-50 elementor-top-column elementor-element elementor-element-1c62890\" data-id=\"1c62890\" data-element_type=\"column\">\n\t\t\t<div class=\"elementor-widget-wrap elementor-element-populated\">\n\t\t\t\t\t\t\t\t<div class=\"elementor-element elementor-element-c89e3dd elementor-widget elementor-widget-image\" data-id=\"c89e3dd\" data-element_type=\"widget\" data-widget_type=\"image.default\">\n\t\t\t\t<div class=\"elementor-widget-container\">\n\t\t\t\t\t\t\t\t\t\t\t\t\t\t\t<img src=\"https:\/\/www.fondsantoinedopchie.org\/wp-content\/uploads\/2020\/12\/Copie-de-2019_NS_14-scaled.jpeg\" title=\"\" alt=\"\" \/>\t\t\t\t\t\t\t\t\t\t\t\t\t\t\t<\/div>\n\t\t\t\t<\/div>\n\t\t\t\t\t<\/div>\n\t\t<\/div>\n\t\t\t\t\t\t\t<\/div>\n\t\t<\/section>\n\t\t\t\t\t\t<\/div>\n\t\t\t\t\t<\/div>\n\t\t","protected":false},"excerpt":{"rendered":"<p>Liste des laur\u00e9ats Prix club. Nom Club Code postal Ville Ann\u00e9e laur\u00e9at EMBARQUEMENT IMMEDIAT 4000 Li\u00e8ge 2019 ZONNEHOEVE 9810 Eke-Nazareth 2018 AVALI LUMMEN \u00a0 \u00a0 2017 DAIS \u00a0 \u00a0 2016 L&#8217;ENVOL \u00a0 \u00a0 2015 HOGE KOUTER \u00a0 \u00a0 2013 LA CORDEE \u00a0 \u00a0 2012 LES OURSONS \u00a0 \u00a0 2011 Z GEEL \u00a0 \u00a0 2010 AVALYMPICS-LIMBURG [&hellip;]<\/p>\n","protected":false},"author":1,"featured_media":0,"parent":0,"menu_order":0,"comment_status":"closed","ping_status":"closed","template":"","meta":[],"_links":{"self":[{"href":"https:\/\/www.taranis.be\/index.php\/wp-json\/wp\/v2\/pages\/424"}],"collection":[{"href":"https:\/\/www.taranis.be\/index.php\/wp-json\/wp\/v2\/pages"}],"about":[{"href":"https:\/\/www.taranis.be\/index.php\/wp-json\/wp\/v2\/types\/page"}],"author":[{"embeddable":true,"href":"https:\/\/www.taranis.be\/index.php\/wp-json\/wp\/v2\/users\/1"}],"replies":[{"embeddable":true,"href":"https:\/\/www.taranis.be\/index.php\/wp-json\/wp\/v2\/comments?post=424"}],"version-history":[{"count":0,"href":"https:\/\/www.taranis.be\/index.php\/wp-json\/wp\/v2\/pages\/424\/revisions"}],"wp:attachment":[{"href":"https:\/\/www.taranis.be\/index.php\/wp-json\/wp\/v2\/media?parent=424"}],"curies":[{"name":"wp","href":"https:\/\/api.w.org\/{rel}","templated":true}]}}