{"id":422,"date":"2020-12-12T12:00:06","date_gmt":"2020-12-12T11:00:06","guid":{"rendered":"http:\/\/www.fondsantoinedopchie.org\/?page_id=422"},"modified":"2020-12-12T12:00:06","modified_gmt":"2020-12-12T11:00:06","slug":"prix-athletes","status":"publish","type":"page","link":"https:\/\/www.taranis.be\/index.php\/prix-athletes\/","title":{"rendered":"Prix athl\u00e8tes"},"content":{"rendered":"\t\t<div data-elementor-type=\"wp-page\" data-elementor-id=\"422\" class=\"elementor elementor-422\" data-elementor-settings=\"[]\">\n\t\t\t\t\t\t\t<div class=\"elementor-section-wrap\">\n\t\t\t\t\t\t\t<section class=\"elementor-section elementor-top-section elementor-element elementor-element-cc7a0c0 elementor-section-boxed elementor-section-height-default elementor-section-height-default\" data-id=\"cc7a0c0\" data-element_type=\"section\">\n\t\t\t\t\t\t<div class=\"elementor-container elementor-column-gap-default\">\n\t\t\t\t\t<div class=\"elementor-column elementor-col-100 elementor-top-column elementor-element elementor-element-ed710c5\" data-id=\"ed710c5\" data-element_type=\"column\">\n\t\t\t<div class=\"elementor-widget-wrap elementor-element-populated\">\n\t\t\t\t\t\t\t\t<div class=\"elementor-element elementor-element-3b444f2 elementor-widget elementor-widget-text-editor\" data-id=\"3b444f2\" data-element_type=\"widget\" data-widget_type=\"text-editor.default\">\n\t\t\t\t<div class=\"elementor-widget-container\">\n\t\t\t\t\t\t\t<p><strong>Liste des laur\u00e9ats du prix athl\u00e8te.<\/strong><\/p><table border=\"0\" width=\"492\" cellspacing=\"0\" cellpadding=\"0\"><colgroup> <col style=\"mso-width-source: userset; mso-width-alt: 3474; width: 71pt;\" span=\"2\" width=\"95\" \/> <col style=\"mso-width-source: userset; mso-width-alt: 4608; width: 95pt;\" width=\"126\" \/> <col style=\"mso-width-source: userset; mso-width-alt: 3510; width: 72pt;\" width=\"96\" \/> <col style=\"width: 60pt;\" width=\"80\" \/> <\/colgroup><tbody><tr style=\"height: 15.0pt;\"><td class=\"xl66\" style=\"height: 15.0pt; width: 71pt;\" width=\"95\" height=\"20\">Nom Athl\u00e8te<\/td><td class=\"xl66\" style=\"width: 71pt;\" width=\"95\">Pr\u00e9nom Athl\u00e8te<\/td><td class=\"xl66\" style=\"width: 95pt;\" width=\"126\">Nom Club<\/td><td class=\"xl66\" style=\"width: 72pt;\" width=\"96\">Ville<\/td><td class=\"xl66\" style=\"width: 60pt;\" width=\"80\">Ann\u00e9e laur\u00e9at<\/td><\/tr><tr style=\"height: 15.0pt;\"><td style=\"height: 15.0pt;\" height=\"20\">DENAYER<\/td><td>Mieke<\/td><td>DAIS<\/td><td>\u00a0<\/td><td align=\"right\">2019<\/td><\/tr><tr style=\"height: 15.0pt;\"><td style=\"height: 15.0pt;\" height=\"20\">HINNEBAUT<span style=\"mso-spacerun: yes;\">\u00a0<\/span><\/td><td>Micka\u00ebl<\/td><td>DAIS<\/td><td>\u00a0<\/td><td class=\"xl65\">2018<\/td><\/tr><tr style=\"height: 15.0pt;\"><td style=\"height: 15.0pt;\" height=\"20\">KARAJ<\/td><td>Christos<\/td><td>DRUIVENSTREEK<\/td><td>\u00a0<\/td><td align=\"right\">2017<\/td><\/tr><tr style=\"height: 15.0pt;\"><td style=\"height: 15.0pt;\" height=\"20\">DREZE<\/td><td>Alexandre<\/td><td>LA CORDEE<\/td><td>\u00a0<\/td><td align=\"right\">2016<\/td><\/tr><tr style=\"height: 15.0pt;\"><td style=\"height: 15.0pt;\" height=\"20\">VAN HEES<\/td><td>Guy<\/td><td>SPELIN WIJCHMAAL<\/td><td>\u00a0<\/td><td align=\"right\">2015<\/td><\/tr><tr style=\"height: 15.0pt;\"><td style=\"height: 15.0pt;\" height=\"20\">DELENS<\/td><td>Eric<\/td><td>ATLASH<\/td><td>Tihange<\/td><td align=\"right\">2013<\/td><\/tr><tr style=\"height: 15.0pt;\"><td style=\"height: 15.0pt;\" height=\"20\">CEURVELT<\/td><td>Mieke<\/td><td>BLIJDORP<\/td><td>\u00a0<\/td><td align=\"right\">2012<\/td><\/tr><tr style=\"height: 15.0pt;\"><td style=\"height: 15.0pt;\" height=\"20\">VAN HEES<\/td><td>Micheline<\/td><td>t VOSJE<\/td><td>\u00a0<\/td><td align=\"right\">2011<\/td><\/tr><tr style=\"height: 15.0pt;\"><td style=\"height: 15.0pt;\" height=\"20\">DE MOT<\/td><td>Mieke<\/td><td>DAIS<\/td><td>\u00a0<\/td><td class=\"xl65\">2010<\/td><\/tr><tr style=\"height: 15.0pt;\"><td style=\"height: 15.0pt;\" height=\"20\">LEUNE<\/td><td>Delphien<\/td><td>TANDEM WEST<\/td><td>\u00a0<\/td><td align=\"right\">2009<\/td><\/tr><tr style=\"height: 15.0pt;\"><td style=\"height: 15.0pt;\" height=\"20\">Danny<\/td><td>Danny<\/td><td>HAVENZATE<\/td><td>Veurne<\/td><td align=\"right\">2008<\/td><\/tr><tr style=\"height: 15.0pt;\"><td style=\"height: 15.0pt;\" height=\"20\">DEPREZ<\/td><td>Tim<\/td><td>HOGE KOUTER<\/td><td>\u00a0<\/td><td align=\"right\">2007<\/td><\/tr><tr style=\"height: 15.0pt;\"><td style=\"height: 15.0pt;\" height=\"20\">DEPAUW<\/td><td>Geert<\/td><td>MOLENKREKELS<\/td><td>\u00a0<\/td><td align=\"right\">2006<\/td><\/tr><tr style=\"height: 15.0pt;\"><td style=\"height: 15.0pt;\" height=\"20\">MARCOEU<\/td><td>Tijl<\/td><td>SCHOON DER HAGE<\/td><td>\u00a0<\/td><td align=\"right\">2004<\/td><\/tr><tr style=\"height: 15.0pt;\"><td style=\"height: 15.0pt;\" height=\"20\">VANSYMAES<\/td><td>B\u00e9n\u00e9dicte<\/td><td>L&#8217;ENVOL<\/td><td>Mouscron<\/td><td align=\"right\">2003<\/td><\/tr><tr style=\"height: 15.0pt;\"><td style=\"height: 15.0pt;\" height=\"20\">NO\u00cbL<\/td><td>Fran\u00e7oise<\/td><td>Les BLEUETS<\/td><td>Amay<\/td><td align=\"right\">2002<\/td><\/tr><tr style=\"height: 15.0pt;\"><td style=\"height: 15.0pt;\" height=\"20\">SELOSSE<span style=\"mso-spacerun: yes;\">\u00a0<\/span><\/td><td>Pascale<\/td><td>La CIGALIERE<\/td><td>Dottignies<\/td><td align=\"right\">2001<\/td><\/tr><tr style=\"height: 15.0pt;\"><td style=\"height: 15.0pt;\" height=\"20\">DESMET<\/td><td>Cathy<\/td><td>HAVENZATE<\/td><td>Veurne<\/td><td align=\"right\">2001<\/td><\/tr><tr style=\"height: 15.0pt;\"><td style=\"height: 15.0pt;\" height=\"20\">MATHE\u00cf<\/td><td>Stefan<\/td><td>WIRIC<\/td><td>Sint-Truiden<\/td><td align=\"right\">2001<\/td><\/tr><tr style=\"height: 15.0pt;\"><td style=\"height: 15.0pt;\" height=\"20\">WAETERVLIET<\/td><td>Carine<\/td><td>t KASTEELTJE<\/td><td>Wondelgem<\/td><td align=\"right\">2000<\/td><\/tr><tr style=\"height: 15.0pt;\"><td style=\"height: 15.0pt;\" height=\"20\">FLOHIMONT<\/td><td>Jo\u00ebl<\/td><td>ATLASH<\/td><td>Tihange<\/td><td align=\"right\">1999<\/td><\/tr><tr style=\"height: 15.0pt;\"><td style=\"height: 15.0pt;\" height=\"20\">BELLIL<\/td><td>Isabelle<\/td><td>BARRACCUDA<\/td><td>Rumes<\/td><td align=\"right\">1998<\/td><\/tr><tr style=\"height: 15.0pt;\"><td style=\"height: 15.0pt;\" height=\"20\">VERDURME<\/td><td>Isabelle<\/td><td>De VIERKLAVER<\/td><td>Landegem<\/td><td align=\"right\">1997<\/td><\/tr><tr style=\"height: 15.0pt;\"><td style=\"height: 15.0pt;\" height=\"20\">MOENS<\/td><td>Mieke<\/td><td>DE VALIER<\/td><td>Liedekerke<\/td><td align=\"right\">1996<\/td><\/tr><tr style=\"height: 15.0pt;\"><td style=\"height: 15.0pt;\" height=\"20\">MANCEAU<\/td><td>Olivier<\/td><td>Les KOLOUTES<\/td><td>Grez-Doiceau<\/td><td align=\"right\">1995<\/td><\/tr><tr style=\"height: 15.0pt;\"><td style=\"height: 15.0pt;\" height=\"20\">VERDUYCHT<\/td><td>Patrica<\/td><td>La SEVE<\/td><td>Xhendelesse<\/td><td align=\"right\">1994<\/td><\/tr><tr style=\"height: 15.0pt;\"><td style=\"height: 15.0pt;\" height=\"20\">DI LUCA<\/td><td>Stella<\/td><td>Les BLEUETS<\/td><td>Amay<\/td><td align=\"right\">1993<\/td><\/tr><tr style=\"height: 15.0pt;\"><td style=\"height: 15.0pt;\" height=\"20\">BRANCQ<\/td><td>Nathalie<\/td><td>MOSPO<\/td><td>Herseaux<\/td><td align=\"right\">1992<\/td><\/tr><\/tbody><\/table>\t\t\t\t\t\t<\/div>\n\t\t\t\t<\/div>\n\t\t\t\t\t<\/div>\n\t\t<\/div>\n\t\t\t\t\t\t\t<\/div>\n\t\t<\/section>\n\t\t\t\t<section class=\"elementor-section elementor-top-section elementor-element elementor-element-5b0b2fd elementor-section-boxed elementor-section-height-default elementor-section-height-default\" data-id=\"5b0b2fd\" data-element_type=\"section\">\n\t\t\t\t\t\t<div class=\"elementor-container elementor-column-gap-default\">\n\t\t\t\t\t<div class=\"elementor-column elementor-col-50 elementor-top-column elementor-element elementor-element-4b91498\" data-id=\"4b91498\" data-element_type=\"column\">\n\t\t\t<div class=\"elementor-widget-wrap elementor-element-populated\">\n\t\t\t\t\t\t\t\t<div class=\"elementor-element elementor-element-bfbdcd3 elementor-widget elementor-widget-image\" data-id=\"bfbdcd3\" data-element_type=\"widget\" data-widget_type=\"image.default\">\n\t\t\t\t<div class=\"elementor-widget-container\">\n\t\t\t\t\t\t\t\t\t\t\t\t\t\t\t<img src=\"https:\/\/www.fondsantoinedopchie.org\/wp-content\/uploads\/2020\/12\/Copie-de-SOB-060.jpg\" title=\"\" alt=\"\" \/>\t\t\t\t\t\t\t\t\t\t\t\t\t\t\t<\/div>\n\t\t\t\t<\/div>\n\t\t\t\t\t<\/div>\n\t\t<\/div>\n\t\t\t\t<div class=\"elementor-column elementor-col-50 elementor-top-column elementor-element elementor-element-cdbd83a\" data-id=\"cdbd83a\" data-element_type=\"column\">\n\t\t\t<div class=\"elementor-widget-wrap elementor-element-populated\">\n\t\t\t\t\t\t\t\t<div class=\"elementor-element elementor-element-45b4d24 elementor-widget elementor-widget-image\" data-id=\"45b4d24\" data-element_type=\"widget\" data-widget_type=\"image.default\">\n\t\t\t\t<div class=\"elementor-widget-container\">\n\t\t\t\t\t\t\t\t\t\t\t\t\t\t\t<img src=\"https:\/\/www.fondsantoinedopchie.org\/wp-content\/uploads\/2020\/12\/Copie-de-SOB-057.jpg\" title=\"\" alt=\"\" \/>\t\t\t\t\t\t\t\t\t\t\t\t\t\t\t<\/div>\n\t\t\t\t<\/div>\n\t\t\t\t\t<\/div>\n\t\t<\/div>\n\t\t\t\t\t\t\t<\/div>\n\t\t<\/section>\n\t\t\t\t<section class=\"elementor-section elementor-top-section elementor-element elementor-element-f649312 elementor-section-boxed elementor-section-height-default elementor-section-height-default\" data-id=\"f649312\" data-element_type=\"section\">\n\t\t\t\t\t\t<div class=\"elementor-container elementor-column-gap-default\">\n\t\t\t\t\t<div class=\"elementor-column elementor-col-50 elementor-top-column elementor-element elementor-element-c42af22\" data-id=\"c42af22\" data-element_type=\"column\">\n\t\t\t<div class=\"elementor-widget-wrap elementor-element-populated\">\n\t\t\t\t\t\t\t\t<div class=\"elementor-element elementor-element-6e97ac5 elementor-widget elementor-widget-image\" data-id=\"6e97ac5\" data-element_type=\"widget\" data-widget_type=\"image.default\">\n\t\t\t\t<div class=\"elementor-widget-container\">\n\t\t\t\t\t\t\t\t\t\t\t\t\t\t\t<img src=\"https:\/\/www.fondsantoinedopchie.org\/wp-content\/uploads\/2020\/12\/Copie-de-2018_Dopchie_winnaar_NVB_SOB_0623-scaled.jpg\" title=\"\" alt=\"\" \/>\t\t\t\t\t\t\t\t\t\t\t\t\t\t\t<\/div>\n\t\t\t\t<\/div>\n\t\t\t\t\t<\/div>\n\t\t<\/div>\n\t\t\t\t<div class=\"elementor-column elementor-col-50 elementor-top-column elementor-element elementor-element-3525c76\" data-id=\"3525c76\" data-element_type=\"column\">\n\t\t\t<div class=\"elementor-widget-wrap elementor-element-populated\">\n\t\t\t\t\t\t\t\t<div class=\"elementor-element elementor-element-0e09717 elementor-widget elementor-widget-image\" data-id=\"0e09717\" data-element_type=\"widget\" data-widget_type=\"image.default\">\n\t\t\t\t<div class=\"elementor-widget-container\">\n\t\t\t\t\t\t\t\t\t\t\t\t\t\t\t<img src=\"https:\/\/www.fondsantoinedopchie.org\/wp-content\/uploads\/2020\/12\/Copie-de-2017_Kristof-Karaj-scaled.jpeg\" title=\"\" alt=\"\" \/>\t\t\t\t\t\t\t\t\t\t\t\t\t\t\t<\/div>\n\t\t\t\t<\/div>\n\t\t\t\t<div class=\"elementor-element elementor-element-76e835d elementor-widget elementor-widget-image\" data-id=\"76e835d\" data-element_type=\"widget\" data-widget_type=\"image.default\">\n\t\t\t\t<div class=\"elementor-widget-container\">\n\t\t\t\t\t\t\t\t\t\t\t\t\t\t\t<img src=\"https:\/\/www.fondsantoinedopchie.org\/wp-content\/uploads\/2020\/12\/Copie-de-2019_NS_10-scaled.jpeg\" title=\"\" alt=\"\" \/>\t\t\t\t\t\t\t\t\t\t\t\t\t\t\t<\/div>\n\t\t\t\t<\/div>\n\t\t\t\t\t<\/div>\n\t\t<\/div>\n\t\t\t\t\t\t\t<\/div>\n\t\t<\/section>\n\t\t\t\t<section class=\"elementor-section elementor-top-section elementor-element elementor-element-c9bf22a elementor-section-boxed elementor-section-height-default elementor-section-height-default\" data-id=\"c9bf22a\" data-element_type=\"section\">\n\t\t\t\t\t\t<div class=\"elementor-container elementor-column-gap-default\">\n\t\t\t\t\t<div class=\"elementor-column elementor-col-100 elementor-top-column elementor-element elementor-element-7ebee69\" data-id=\"7ebee69\" data-element_type=\"column\">\n\t\t\t<div class=\"elementor-widget-wrap elementor-element-populated\">\n\t\t\t\t\t\t\t\t<div class=\"elementor-element elementor-element-9e21cec elementor-widget elementor-widget-image\" data-id=\"9e21cec\" data-element_type=\"widget\" data-widget_type=\"image.default\">\n\t\t\t\t<div class=\"elementor-widget-container\">\n\t\t\t\t\t\t\t\t\t\t\t\t\t\t\t<img src=\"https:\/\/www.fondsantoinedopchie.org\/wp-content\/uploads\/2020\/12\/Copie-de-SOB-056.jpg\" title=\"\" alt=\"\" \/>\t\t\t\t\t\t\t\t\t\t\t\t\t\t\t<\/div>\n\t\t\t\t<\/div>\n\t\t\t\t\t<\/div>\n\t\t<\/div>\n\t\t\t\t\t\t\t<\/div>\n\t\t<\/section>\n\t\t\t\t\t\t<\/div>\n\t\t\t\t\t<\/div>\n\t\t","protected":false},"excerpt":{"rendered":"<p>Liste des laur\u00e9ats du prix athl\u00e8te. Nom Athl\u00e8te Pr\u00e9nom Athl\u00e8te Nom Club Ville Ann\u00e9e laur\u00e9at DENAYER Mieke DAIS \u00a0 2019 HINNEBAUT\u00a0 Micka\u00ebl DAIS \u00a0 2018 KARAJ Christos DRUIVENSTREEK \u00a0 2017 DREZE Alexandre LA CORDEE \u00a0 2016 VAN HEES Guy SPELIN WIJCHMAAL \u00a0 2015 DELENS Eric ATLASH Tihange 2013 CEURVELT Mieke BLIJDORP \u00a0 2012 VAN HEES [&hellip;]<\/p>\n","protected":false},"author":1,"featured_media":0,"parent":0,"menu_order":0,"comment_status":"closed","ping_status":"closed","template":"","meta":[],"_links":{"self":[{"href":"https:\/\/www.taranis.be\/index.php\/wp-json\/wp\/v2\/pages\/422"}],"collection":[{"href":"https:\/\/www.taranis.be\/index.php\/wp-json\/wp\/v2\/pages"}],"about":[{"href":"https:\/\/www.taranis.be\/index.php\/wp-json\/wp\/v2\/types\/page"}],"author":[{"embeddable":true,"href":"https:\/\/www.taranis.be\/index.php\/wp-json\/wp\/v2\/users\/1"}],"replies":[{"embeddable":true,"href":"https:\/\/www.taranis.be\/index.php\/wp-json\/wp\/v2\/comments?post=422"}],"version-history":[{"count":0,"href":"https:\/\/www.taranis.be\/index.php\/wp-json\/wp\/v2\/pages\/422\/revisions"}],"wp:attachment":[{"href":"https:\/\/www.taranis.be\/index.php\/wp-json\/wp\/v2\/media?parent=422"}],"curies":[{"name":"wp","href":"https:\/\/api.w.org\/{rel}","templated":true}]}}