{"id":420,"date":"2020-12-12T11:59:38","date_gmt":"2020-12-12T10:59:38","guid":{"rendered":"http:\/\/www.fondsantoinedopchie.org\/?page_id=420"},"modified":"2020-12-12T11:59:38","modified_gmt":"2020-12-12T10:59:38","slug":"depot-de-candidatures","status":"publish","type":"page","link":"https:\/\/www.taranis.be\/index.php\/depot-de-candidatures\/","title":{"rendered":"D\u00e9p\u00f4t de candidatures"},"content":{"rendered":"\t\t<div data-elementor-type=\"wp-page\" data-elementor-id=\"420\" class=\"elementor elementor-420\" data-elementor-settings=\"[]\">\n\t\t\t\t\t\t\t<div class=\"elementor-section-wrap\">\n\t\t\t\t\t\t\t<section class=\"elementor-section elementor-top-section elementor-element elementor-element-f3cbe44 elementor-section-boxed elementor-section-height-default elementor-section-height-default\" data-id=\"f3cbe44\" data-element_type=\"section\">\n\t\t\t\t\t\t<div class=\"elementor-container elementor-column-gap-default\">\n\t\t\t\t\t<div class=\"elementor-column elementor-col-100 elementor-top-column elementor-element elementor-element-2441f81\" data-id=\"2441f81\" data-element_type=\"column\">\n\t\t\t<div class=\"elementor-widget-wrap elementor-element-populated\">\n\t\t\t\t\t\t\t\t<div class=\"elementor-element elementor-element-5494368 elementor-widget elementor-widget-text-editor\" data-id=\"5494368\" data-element_type=\"widget\" data-widget_type=\"text-editor.default\">\n\t\t\t\t<div class=\"elementor-widget-container\">\n\t\t\t\t\t\t\t<p>N&#8217;h\u00e9sitez pas \u00e0 d\u00e9poser vos candidatures pour le prix athl\u00e8te ou pour le prix club en t\u00e9l\u00e9chargeant et remplissant les documents ci-dessous.<\/p>\t\t\t\t\t\t<\/div>\n\t\t\t\t<\/div>\n\t\t\t\t\t<\/div>\n\t\t<\/div>\n\t\t\t\t\t\t\t<\/div>\n\t\t<\/section>\n\t\t\t\t<section class=\"elementor-section elementor-top-section elementor-element elementor-element-3a43678 elementor-section-boxed elementor-section-height-default elementor-section-height-default\" data-id=\"3a43678\" data-element_type=\"section\">\n\t\t\t\t\t\t<div class=\"elementor-container elementor-column-gap-default\">\n\t\t\t\t\t<div class=\"elementor-column elementor-col-100 elementor-top-column elementor-element elementor-element-f9c3049\" data-id=\"f9c3049\" data-element_type=\"column\">\n\t\t\t<div class=\"elementor-widget-wrap elementor-element-populated\">\n\t\t\t\t\t\t\t\t<div class=\"elementor-element elementor-element-ffb4ad7 elementor-widget elementor-widget-text-editor\" data-id=\"ffb4ad7\" data-element_type=\"widget\" data-widget_type=\"text-editor.default\">\n\t\t\t\t<div class=\"elementor-widget-container\">\n\t\t\t\t\t\t\t<ul><li><a href=\"http:\/\/www.fondsantoinedopchie.org\/wp-content\/uploads\/2020\/12\/2016-Formulier-Dopchie-Fr.doc\">2016 Formulaire Dopchie Fr<\/a><\/li><li><a href=\"http:\/\/www.fondsantoinedopchie.org\/wp-content\/uploads\/2020\/12\/2016-Formulier-Dopchie-Nl.doc\">2016 Formulier Dopchie Nl<\/a><\/li><\/ul>\t\t\t\t\t\t<\/div>\n\t\t\t\t<\/div>\n\t\t\t\t\t<\/div>\n\t\t<\/div>\n\t\t\t\t\t\t\t<\/div>\n\t\t<\/section>\n\t\t\t\t\t\t<\/div>\n\t\t\t\t\t<\/div>\n\t\t","protected":false},"excerpt":{"rendered":"<p>N&#8217;h\u00e9sitez pas \u00e0 d\u00e9poser vos candidatures pour le prix athl\u00e8te ou pour le prix club en t\u00e9l\u00e9chargeant et remplissant les documents ci-dessous. 2016 Formulaire Dopchie Fr 2016 Formulier Dopchie Nl<\/p>\n","protected":false},"author":1,"featured_media":0,"parent":0,"menu_order":0,"comment_status":"closed","ping_status":"closed","template":"","meta":[],"_links":{"self":[{"href":"https:\/\/www.taranis.be\/index.php\/wp-json\/wp\/v2\/pages\/420"}],"collection":[{"href":"https:\/\/www.taranis.be\/index.php\/wp-json\/wp\/v2\/pages"}],"about":[{"href":"https:\/\/www.taranis.be\/index.php\/wp-json\/wp\/v2\/types\/page"}],"author":[{"embeddable":true,"href":"https:\/\/www.taranis.be\/index.php\/wp-json\/wp\/v2\/users\/1"}],"replies":[{"embeddable":true,"href":"https:\/\/www.taranis.be\/index.php\/wp-json\/wp\/v2\/comments?post=420"}],"version-history":[{"count":0,"href":"https:\/\/www.taranis.be\/index.php\/wp-json\/wp\/v2\/pages\/420\/revisions"}],"wp:attachment":[{"href":"https:\/\/www.taranis.be\/index.php\/wp-json\/wp\/v2\/media?parent=420"}],"curies":[{"name":"wp","href":"https:\/\/api.w.org\/{rel}","templated":true}]}}