{"id":402,"date":"2020-12-12T07:44:50","date_gmt":"2020-12-12T06:44:50","guid":{"rendered":"http:\/\/www.fondsantoinedopchie.org\/?page_id=402"},"modified":"2021-10-24T19:25:12","modified_gmt":"2021-10-24T17:25:12","slug":"prix-dopchie","status":"publish","type":"page","link":"https:\/\/www.taranis.be\/index.php\/prix-dopchie\/","title":{"rendered":"Prix Dopchie"},"content":{"rendered":"\t\t<div data-elementor-type=\"wp-page\" data-elementor-id=\"402\" class=\"elementor elementor-402\" data-elementor-settings=\"[]\">\n\t\t\t\t\t\t\t<div class=\"elementor-section-wrap\">\n\t\t\t\t\t\t\t<section class=\"elementor-section elementor-top-section elementor-element elementor-element-6170258 elementor-section-boxed elementor-section-height-default elementor-section-height-default\" data-id=\"6170258\" data-element_type=\"section\">\n\t\t\t\t\t\t<div class=\"elementor-container elementor-column-gap-default\">\n\t\t\t\t\t<div class=\"elementor-column elementor-col-50 elementor-top-column elementor-element elementor-element-6d0ffd5\" data-id=\"6d0ffd5\" data-element_type=\"column\">\n\t\t\t<div class=\"elementor-widget-wrap elementor-element-populated\">\n\t\t\t\t\t\t\t\t<div class=\"elementor-element elementor-element-28e9772 elementor-widget elementor-widget-image\" data-id=\"28e9772\" data-element_type=\"widget\" data-widget_type=\"image.default\">\n\t\t\t\t<div class=\"elementor-widget-container\">\n\t\t\t\t\t\t\t\t\t\t\t\t\t\t\t<img src=\"https:\/\/www.fondsantoinedopchie.org\/wp-content\/uploads\/2020\/12\/Copie-de-2018_Dopchie_speech_NVB_SOB_0564-scaled.jpg\" title=\"\" alt=\"\" \/>\t\t\t\t\t\t\t\t\t\t\t\t\t\t\t<\/div>\n\t\t\t\t<\/div>\n\t\t\t\t\t<\/div>\n\t\t<\/div>\n\t\t\t\t<div class=\"elementor-column elementor-col-50 elementor-top-column elementor-element elementor-element-4ad2593\" data-id=\"4ad2593\" data-element_type=\"column\">\n\t\t\t<div class=\"elementor-widget-wrap elementor-element-populated\">\n\t\t\t\t\t\t\t\t<div class=\"elementor-element elementor-element-5962e73 elementor-widget elementor-widget-text-editor\" data-id=\"5962e73\" data-element_type=\"widget\" data-widget_type=\"text-editor.default\">\n\t\t\t\t<div class=\"elementor-widget-container\">\n\t\t\t\t\t\t\t<p><b>Prix Dopchie\u00a0 :<\/b><\/p><p>Un moment tr\u00e8s attendu par un ou une Athl\u00e8te et un Club est l\u2019interruption des \u00e9preuves de natation le samedi matin lors des Jeux Nationaux Special Olympics Belgium o\u00f9 les laur\u00e9ats du troph\u00e9e et du prix Club re\u00e7oivent leurs prix.<\/p><p>Par le biais de Special Olympics Belgium nous recevons les candidatures quelques semaines avant les jeux. Le comit\u00e9 analyse celles-ci et d\u00e9cide qui sera le gagnant.<\/p>\t\t\t\t\t\t<\/div>\n\t\t\t\t<\/div>\n\t\t\t\t\t<\/div>\n\t\t<\/div>\n\t\t\t\t\t\t\t<\/div>\n\t\t<\/section>\n\t\t\t\t<section class=\"elementor-section elementor-top-section elementor-element elementor-element-4be69d9 elementor-section-boxed elementor-section-height-default elementor-section-height-default\" data-id=\"4be69d9\" data-element_type=\"section\">\n\t\t\t\t\t\t<div class=\"elementor-container elementor-column-gap-default\">\n\t\t\t\t\t<div class=\"elementor-column elementor-col-50 elementor-top-column elementor-element elementor-element-3a59123\" data-id=\"3a59123\" data-element_type=\"column\">\n\t\t\t<div class=\"elementor-widget-wrap elementor-element-populated\">\n\t\t\t\t\t\t\t\t<div class=\"elementor-element elementor-element-4e1a8d6 elementor-widget elementor-widget-text-editor\" data-id=\"4e1a8d6\" data-element_type=\"widget\" data-widget_type=\"text-editor.default\">\n\t\t\t\t<div class=\"elementor-widget-container\">\n\t\t\t\t\t\t\t<p><strong>Troph\u00e9e Athl\u00e8te\u00a0<\/strong>:<\/p><p>Nous r\u00e9compensons un ou une\u00a0 athl\u00e8te qui durant l\u2019ann\u00e9e \u00e9coul\u00e9e a fait des efforts exceptionnels, a fait preuve de volont\u00e9, d\u2019assiduit\u00e9 aux entrainements, \u2026 mais aussi d\u2019enthousiasme, de jovialit\u00e9 envers les autres nageurs ou nageuses, de serviabilit\u00e9, d\u2019ouverture aux autres.<\/p>\t\t\t\t\t\t<\/div>\n\t\t\t\t<\/div>\n\t\t\t\t\t<\/div>\n\t\t<\/div>\n\t\t\t\t<div class=\"elementor-column elementor-col-50 elementor-top-column elementor-element elementor-element-3ca8a5c\" data-id=\"3ca8a5c\" data-element_type=\"column\">\n\t\t\t<div class=\"elementor-widget-wrap elementor-element-populated\">\n\t\t\t\t\t\t\t\t<div class=\"elementor-element elementor-element-20272c8 elementor-widget elementor-widget-image\" data-id=\"20272c8\" data-element_type=\"widget\" data-widget_type=\"image.default\">\n\t\t\t\t<div class=\"elementor-widget-container\">\n\t\t\t\t\t\t\t\t\t\t\t\t\t\t\t<img src=\"https:\/\/www.fondsantoinedopchie.org\/wp-content\/uploads\/2020\/12\/Copie-de-2019_NS_06.jpeg\" title=\"\" alt=\"\" \/>\t\t\t\t\t\t\t\t\t\t\t\t\t\t\t<\/div>\n\t\t\t\t<\/div>\n\t\t\t\t\t<\/div>\n\t\t<\/div>\n\t\t\t\t\t\t\t<\/div>\n\t\t<\/section>\n\t\t\t\t<section class=\"elementor-section elementor-top-section elementor-element elementor-element-4cb448a elementor-section-boxed elementor-section-height-default elementor-section-height-default\" data-id=\"4cb448a\" data-element_type=\"section\">\n\t\t\t\t\t\t<div class=\"elementor-container elementor-column-gap-default\">\n\t\t\t\t\t<div class=\"elementor-column elementor-col-100 elementor-top-column elementor-element elementor-element-8fcbede\" data-id=\"8fcbede\" data-element_type=\"column\">\n\t\t\t<div class=\"elementor-widget-wrap elementor-element-populated\">\n\t\t\t\t\t\t\t\t<div class=\"elementor-element elementor-element-11af033 elementor-widget elementor-widget-text-editor\" data-id=\"11af033\" data-element_type=\"widget\" data-widget_type=\"text-editor.default\">\n\t\t\t\t<div class=\"elementor-widget-container\">\n\t\t\t\t\t\t\t<p>Il est tr\u00e8s souvent difficile de d\u00e9cider qui l\u2019emportera car nous n\u2019avons jamais eu de mauvaises candidatures. C\u2019est pourquoi nous laissons le choix aux entraineurs de renvoyer la candidature l\u2019ann\u00e9e suivante.<\/p><p>C\u2019est un v\u00e9ritable bonheur de voir la joie, la fiert\u00e9, les yeux \u00e9tincelants du ou de la laur\u00e9at(e) lors de la remise du troph\u00e9e.<\/p>\t\t\t\t\t\t<\/div>\n\t\t\t\t<\/div>\n\t\t\t\t\t<\/div>\n\t\t<\/div>\n\t\t\t\t\t\t\t<\/div>\n\t\t<\/section>\n\t\t\t\t<section class=\"elementor-section elementor-top-section elementor-element elementor-element-79a4daa elementor-section-boxed elementor-section-height-default elementor-section-height-default\" data-id=\"79a4daa\" data-element_type=\"section\">\n\t\t\t\t\t\t<div class=\"elementor-container elementor-column-gap-default\">\n\t\t\t\t\t<div class=\"elementor-column elementor-col-50 elementor-top-column elementor-element elementor-element-2ceb88c\" data-id=\"2ceb88c\" data-element_type=\"column\">\n\t\t\t<div class=\"elementor-widget-wrap elementor-element-populated\">\n\t\t\t\t\t\t\t\t<div class=\"elementor-element elementor-element-264ad38 elementor-widget elementor-widget-image\" data-id=\"264ad38\" data-element_type=\"widget\" data-widget_type=\"image.default\">\n\t\t\t\t<div class=\"elementor-widget-container\">\n\t\t\t\t\t\t\t\t\t\t\t\t\t\t\t<img src=\"https:\/\/www.fondsantoinedopchie.org\/wp-content\/uploads\/2020\/12\/Dominique.jpeg\" title=\"\" alt=\"\" \/>\t\t\t\t\t\t\t\t\t\t\t\t\t\t\t<\/div>\n\t\t\t\t<\/div>\n\t\t\t\t\t<\/div>\n\t\t<\/div>\n\t\t\t\t<div class=\"elementor-column elementor-col-50 elementor-top-column elementor-element elementor-element-e87ec27\" data-id=\"e87ec27\" data-element_type=\"column\">\n\t\t\t<div class=\"elementor-widget-wrap elementor-element-populated\">\n\t\t\t\t\t\t\t\t<div class=\"elementor-element elementor-element-9d82027 elementor-widget elementor-widget-text-editor\" data-id=\"9d82027\" data-element_type=\"widget\" data-widget_type=\"text-editor.default\">\n\t\t\t\t<div class=\"elementor-widget-container\">\n\t\t\t\t\t\t\t<p><strong>Prix Club<\/strong>\u00a0:<\/p><p>Un prix de 1.000 \u20ac est attribu\u00e9 \u00e0 un club s\u2019\u00e9tant montr\u00e9 particuli\u00e8rement m\u00e9ritant que ce soit par l\u2019organisation de comp\u00e9titions interclubs, par la r\u00e9alisation de nouveaux projets, par son d\u00e9veloppement, \u2026 sans que cette \u00e9num\u00e9ration soit limitative.<\/p>\t\t\t\t\t\t<\/div>\n\t\t\t\t<\/div>\n\t\t\t\t\t<\/div>\n\t\t<\/div>\n\t\t\t\t\t\t\t<\/div>\n\t\t<\/section>\n\t\t\t\t<section class=\"elementor-section elementor-top-section elementor-element elementor-element-9ae4f03 elementor-section-boxed elementor-section-height-default elementor-section-height-default\" data-id=\"9ae4f03\" data-element_type=\"section\">\n\t\t\t\t\t\t<div class=\"elementor-container elementor-column-gap-default\">\n\t\t\t\t\t<div class=\"elementor-column elementor-col-100 elementor-top-column elementor-element elementor-element-50f5ae4\" data-id=\"50f5ae4\" data-element_type=\"column\">\n\t\t\t<div class=\"elementor-widget-wrap elementor-element-populated\">\n\t\t\t\t\t\t\t\t<div class=\"elementor-element elementor-element-6a50776 elementor-widget elementor-widget-text-editor\" data-id=\"6a50776\" data-element_type=\"widget\" data-widget_type=\"text-editor.default\">\n\t\t\t\t<div class=\"elementor-widget-container\">\n\t\t\t\t\t\t\t<p>Tout comme pour les athl\u00e8tes, toutes les candidatures rel\u00e8vent de Club tr\u00e8s actifs. Les clubs n\u2019ayant pas obtenus le prix peuvent aussi d\u00e9cider de repr\u00e9senter leur candidature l\u2019ann\u00e9e suivante.<\/p>\n<p>Nous savons que pour les clubs ce prix repr\u00e9sente une aide significative dans leur budget et leur permet d\u2019investir dans du mat\u00e9riel ou d\u2019organiser des \u00e9v\u00e9nements, d\u2019assurer des frais de transport. La joie se lit sur les visages de tous les athl\u00e8tes et entraineurs lors de la remise du ch\u00e8que.<\/p>\n<p><strong>M\u00e9daille pour un volontaire&nbsp; :<br><\/strong><\/p>\n<p>Depuis quelques ann\u00e9es, le comit\u00e9 a \u00e9galement d\u00e9cid\u00e9 de mettre en lumi\u00e8re le travail des tr\u00e8s nombreux volontaires sans qui les Jeux ne pourraient avoir lieu.<\/p>\n<p>Chaque ann\u00e9e nous d\u00e9corons d\u2019une m\u00e9daille d\u2019or un ou une volontaire qui fait preuve d\u2019un engagement total tant durant l\u2019ann\u00e9e pour la pr\u00e9paration que pendant les Jeux. Nous ne pouvons pas imaginer le temps et l\u2019\u00e9nergie qu\u2019ils ou elles investissent dans cette organisation pour le plus grand plaisir des athl\u00e8tes. Un immense merci \u00e0 eux.<\/p>\t\t\t\t\t\t<\/div>\n\t\t\t\t<\/div>\n\t\t\t\t\t<\/div>\n\t\t<\/div>\n\t\t\t\t\t\t\t<\/div>\n\t\t<\/section>\n\t\t\t\t\t\t<\/div>\n\t\t\t\t\t<\/div>\n\t\t","protected":false},"excerpt":{"rendered":"<p>Prix Dopchie\u00a0 : Un moment tr\u00e8s attendu par un ou une Athl\u00e8te et un Club est l\u2019interruption des \u00e9preuves de natation le samedi matin lors des Jeux Nationaux Special Olympics Belgium o\u00f9 les laur\u00e9ats du troph\u00e9e et du prix Club re\u00e7oivent leurs prix. Par le biais de Special Olympics Belgium nous recevons les candidatures quelques [&hellip;]<\/p>\n","protected":false},"author":1,"featured_media":0,"parent":0,"menu_order":0,"comment_status":"closed","ping_status":"closed","template":"","meta":[],"_links":{"self":[{"href":"https:\/\/www.taranis.be\/index.php\/wp-json\/wp\/v2\/pages\/402"}],"collection":[{"href":"https:\/\/www.taranis.be\/index.php\/wp-json\/wp\/v2\/pages"}],"about":[{"href":"https:\/\/www.taranis.be\/index.php\/wp-json\/wp\/v2\/types\/page"}],"author":[{"embeddable":true,"href":"https:\/\/www.taranis.be\/index.php\/wp-json\/wp\/v2\/users\/1"}],"replies":[{"embeddable":true,"href":"https:\/\/www.taranis.be\/index.php\/wp-json\/wp\/v2\/comments?post=402"}],"version-history":[{"count":3,"href":"https:\/\/www.taranis.be\/index.php\/wp-json\/wp\/v2\/pages\/402\/revisions"}],"predecessor-version":[{"id":690,"href":"https:\/\/www.taranis.be\/index.php\/wp-json\/wp\/v2\/pages\/402\/revisions\/690"}],"wp:attachment":[{"href":"https:\/\/www.taranis.be\/index.php\/wp-json\/wp\/v2\/media?parent=402"}],"curies":[{"name":"wp","href":"https:\/\/api.w.org\/{rel}","templated":true}]}}