{"id":373,"date":"2020-12-12T07:25:38","date_gmt":"2020-12-12T06:25:38","guid":{"rendered":"http:\/\/www.fondsantoinedopchie.org\/?page_id=373"},"modified":"2020-12-12T07:25:38","modified_gmt":"2020-12-12T06:25:38","slug":"partenaires","status":"publish","type":"page","link":"https:\/\/www.taranis.be\/index.php\/partenaires\/","title":{"rendered":"Partenaires"},"content":{"rendered":"\t\t<div data-elementor-type=\"wp-page\" data-elementor-id=\"373\" class=\"elementor elementor-373\" data-elementor-settings=\"[]\">\n\t\t\t\t\t\t\t<div class=\"elementor-section-wrap\">\n\t\t\t\t\t\t\t<section class=\"elementor-section elementor-top-section elementor-element elementor-element-d9c8df2 elementor-section-boxed elementor-section-height-default elementor-section-height-default\" data-id=\"d9c8df2\" data-element_type=\"section\">\n\t\t\t\t\t\t<div class=\"elementor-container elementor-column-gap-default\">\n\t\t\t\t\t<div class=\"elementor-column elementor-col-100 elementor-top-column elementor-element elementor-element-10382cf\" data-id=\"10382cf\" data-element_type=\"column\">\n\t\t\t<div class=\"elementor-widget-wrap elementor-element-populated\">\n\t\t\t\t\t\t\t\t<div class=\"elementor-element elementor-element-c749c12 elementor-widget elementor-widget-text-editor\" data-id=\"c749c12\" data-element_type=\"widget\" data-widget_type=\"text-editor.default\">\n\t\t\t\t<div class=\"elementor-widget-container\">\n\t\t\t\t\t\t\t<p>Nous remercions tr\u00e8s chaleureusement nos deux partenaires indispensables \u00e0 la r\u00e9alisation des objectifs du Fonds Antoine Dopchie.<\/p><p>Leur professionnalisme, leur engagement, leur d\u00e9vouement ne sont que quelques qualit\u00e9s qui les caract\u00e9risent.<\/p>\t\t\t\t\t\t<\/div>\n\t\t\t\t<\/div>\n\t\t\t\t\t<\/div>\n\t\t<\/div>\n\t\t\t\t\t\t\t<\/div>\n\t\t<\/section>\n\t\t\t\t<section class=\"elementor-section elementor-top-section elementor-element elementor-element-2f0b114 elementor-section-boxed elementor-section-height-default elementor-section-height-default\" data-id=\"2f0b114\" data-element_type=\"section\">\n\t\t\t\t\t\t<div class=\"elementor-container elementor-column-gap-default\">\n\t\t\t\t\t<div class=\"elementor-column elementor-col-50 elementor-top-column elementor-element elementor-element-3828c24\" data-id=\"3828c24\" data-element_type=\"column\">\n\t\t\t<div class=\"elementor-widget-wrap elementor-element-populated\">\n\t\t\t\t\t\t\t\t<div class=\"elementor-element elementor-element-dd8d2af elementor-widget elementor-widget-image\" data-id=\"dd8d2af\" data-element_type=\"widget\" data-widget_type=\"image.default\">\n\t\t\t\t<div class=\"elementor-widget-container\">\n\t\t\t\t\t\t\t\t\t\t\t\t\t\t\t\t<a href=\"https:\/\/www.kbs-frb.be\/\" target=\"_blank\">\n\t\t\t\t\t\t\t<img src=\"https:\/\/www.fondsantoinedopchie.org\/wp-content\/uploads\/2020\/12\/KBSFRB_logo_NFtxt.gif\" title=\"\" alt=\"\" \/>\t\t\t\t\t\t\t\t<\/a>\n\t\t\t\t\t\t\t\t\t\t\t\t\t\t\t<\/div>\n\t\t\t\t<\/div>\n\t\t\t\t\t<\/div>\n\t\t<\/div>\n\t\t\t\t<div class=\"elementor-column elementor-col-50 elementor-top-column elementor-element elementor-element-e8e7499\" data-id=\"e8e7499\" data-element_type=\"column\">\n\t\t\t<div class=\"elementor-widget-wrap elementor-element-populated\">\n\t\t\t\t\t\t\t\t<div class=\"elementor-element elementor-element-5183186 elementor-widget elementor-widget-image\" data-id=\"5183186\" data-element_type=\"widget\" data-widget_type=\"image.default\">\n\t\t\t\t<div class=\"elementor-widget-container\">\n\t\t\t\t\t\t\t\t\t\t\t\t\t\t\t\t<a href=\"https:\/\/www.special-olympics.be\/fr\/\" target=\"_blank\">\n\t\t\t\t\t\t\t<img src=\"https:\/\/www.fondsantoinedopchie.org\/wp-content\/uploads\/2020\/12\/sob_0.jpg\" title=\"\" alt=\"\" \/>\t\t\t\t\t\t\t\t<\/a>\n\t\t\t\t\t\t\t\t\t\t\t\t\t\t\t<\/div>\n\t\t\t\t<\/div>\n\t\t\t\t\t<\/div>\n\t\t<\/div>\n\t\t\t\t\t\t\t<\/div>\n\t\t<\/section>\n\t\t\t\t\t\t<\/div>\n\t\t\t\t\t<\/div>\n\t\t","protected":false},"excerpt":{"rendered":"<p>Nous remercions tr\u00e8s chaleureusement nos deux partenaires indispensables \u00e0 la r\u00e9alisation des objectifs du Fonds Antoine Dopchie. Leur professionnalisme, leur engagement, leur d\u00e9vouement ne sont que quelques qualit\u00e9s qui les caract\u00e9risent.<\/p>\n","protected":false},"author":1,"featured_media":0,"parent":0,"menu_order":0,"comment_status":"closed","ping_status":"closed","template":"","meta":[],"_links":{"self":[{"href":"https:\/\/www.taranis.be\/index.php\/wp-json\/wp\/v2\/pages\/373"}],"collection":[{"href":"https:\/\/www.taranis.be\/index.php\/wp-json\/wp\/v2\/pages"}],"about":[{"href":"https:\/\/www.taranis.be\/index.php\/wp-json\/wp\/v2\/types\/page"}],"author":[{"embeddable":true,"href":"https:\/\/www.taranis.be\/index.php\/wp-json\/wp\/v2\/users\/1"}],"replies":[{"embeddable":true,"href":"https:\/\/www.taranis.be\/index.php\/wp-json\/wp\/v2\/comments?post=373"}],"version-history":[{"count":0,"href":"https:\/\/www.taranis.be\/index.php\/wp-json\/wp\/v2\/pages\/373\/revisions"}],"wp:attachment":[{"href":"https:\/\/www.taranis.be\/index.php\/wp-json\/wp\/v2\/media?parent=373"}],"curies":[{"name":"wp","href":"https:\/\/api.w.org\/{rel}","templated":true}]}}