{"id":366,"date":"2020-12-12T07:21:01","date_gmt":"2020-12-12T06:21:01","guid":{"rendered":"http:\/\/www.fondsantoinedopchie.org\/?page_id=366"},"modified":"2021-10-24T13:18:28","modified_gmt":"2021-10-24T11:18:28","slug":"objet","status":"publish","type":"page","link":"https:\/\/www.taranis.be\/index.php\/objet\/","title":{"rendered":"Objet"},"content":{"rendered":"\t\t<div data-elementor-type=\"wp-page\" data-elementor-id=\"366\" class=\"elementor elementor-366\" data-elementor-settings=\"[]\">\n\t\t\t\t\t\t\t<div class=\"elementor-section-wrap\">\n\t\t\t\t\t\t\t<section class=\"elementor-section elementor-top-section elementor-element elementor-element-3a1854c elementor-section-boxed elementor-section-height-default elementor-section-height-default\" data-id=\"3a1854c\" data-element_type=\"section\">\n\t\t\t\t\t\t<div class=\"elementor-container elementor-column-gap-default\">\n\t\t\t\t\t<div class=\"elementor-column elementor-col-100 elementor-top-column elementor-element elementor-element-5d9710d\" data-id=\"5d9710d\" data-element_type=\"column\">\n\t\t\t<div class=\"elementor-widget-wrap elementor-element-populated\">\n\t\t\t\t\t\t\t\t<div class=\"elementor-element elementor-element-fcdf2b9 elementor-widget elementor-widget-text-editor\" data-id=\"fcdf2b9\" data-element_type=\"widget\" data-widget_type=\"text-editor.default\">\n\t\t\t\t<div class=\"elementor-widget-container\">\n\t\t\t\t\t\t\t<p><b>Objectif du Fonds FR<\/b><b><br><\/b><br>Le Fonds Antoine Dopchie a pour objet de favoriser la pratique de la natation par les personnes ayant un handicap mental. <br>L\u2019intervention du Fonds pourra se faire de mani\u00e8re directe ou indirecte et notamment par voie de subsidiation, de sous-traitance, etc. <br>Le Fonds pourra intervenir seul ou en compl\u00e9ment \u00e0 d\u2019autres institutions financi\u00e8res. <br>Il pourra s\u2019associer \u00e0 d\u2019autres organismes qui poursuivent des buts analogues.<\/p>\n<p>Le comit\u00e9 de gestion d\u00e9cide de l\u2019utilisation des ressources du Fonds. Au moment o\u00f9 le comit\u00e9 de Gestion d\u00e9cide de l\u2019affectation des ressources du Fonds, il examinera par priorit\u00e9 tout projet pr\u00e9sent\u00e9 par l\u2019ASBL \u00ab&nbsp;Special Olympics Belgium&nbsp;\u00bb.<\/p>\n<p>En pratique&nbsp;:<\/p>\n<p>Depuis 1992 le Fonds Antoine Dopchie prend en charge les frais li\u00e9s \u00e0 l\u2019organisation des \u00e9preuves de natation lors des Jeux Nationaux annuels \u00ab&nbsp;Special Olympics Belgium&nbsp;\u00bb.&nbsp;<\/p>\n<p>Pendant les Jeux, le Fonds attribue un troph\u00e9e \u00e0 un(e) athl\u00e8te particuli\u00e8rement m\u00e9ritant(e) de par sa progression, son courage, son assiduit\u00e9 \u00e0 participer aux entrainements, \u2026<\/p>\n<p>Un prix d\u2019une valeur de 1.000 \u20ac est attribu\u00e9 \u00e0 un club de natation participant aux Jeux Special Olympics. Ce prix r\u00e9compense le club qui s&#8217;est particuli\u00e8rement distingu\u00e9 dans son d\u00e9veloppement, l\u2019organisation d\u2019\u00e9v\u00e9nements ou comp\u00e9titions ouvertes \u00e0 tous, \u0153uvrant \u00e0 des projets innovants.<\/p>\n<p>Le Fonds souhaite dor\u00e9navant d\u00e9velopper son champ d\u2019action en stimulant la pratique du sport unifi\u00e9. Cette d\u00e9marche initi\u00e9e par Special Olympics vise \u00e0 amener les clubs r\u00e9guliers \u00e0 accueillir en leur sein des athl\u00e8tes ayant un handicap mental et \u00e0 promouvoir l\u2019organisation d\u2019entrainements, d\u2019\u00e9preuves et de comp\u00e9titions unifi\u00e9s.<br>Cette approche inclusive favorise l\u2019int\u00e9gration de tous dans notre soci\u00e9t\u00e9. Elle est tr\u00e8s stimulante pour les athl\u00e8tes handicap\u00e9s, leur permet de gagner en confiance et d\u2019am\u00e9liorer leur degr\u00e9 d\u2019autonomie.<\/p>\n<p>La natation s\u2019y pr\u00eate particuli\u00e8rement bien. Un simple exemple est la formation d\u2019\u00e9quipes unifi\u00e9es lors de courses relais.<\/p>\t\t\t\t\t\t<\/div>\n\t\t\t\t<\/div>\n\t\t\t\t\t<\/div>\n\t\t<\/div>\n\t\t\t\t\t\t\t<\/div>\n\t\t<\/section>\n\t\t\t\t\t\t<\/div>\n\t\t\t\t\t<\/div>\n\t\t","protected":false},"excerpt":{"rendered":"<p>Objectif du Fonds FRLe Fonds Antoine Dopchie a pour objet de favoriser la pratique de la natation par les personnes ayant un handicap mental. L\u2019intervention du Fonds pourra se faire de mani\u00e8re directe ou indirecte et notamment par voie de subsidiation, de sous-traitance, etc. Le Fonds pourra intervenir seul ou en compl\u00e9ment \u00e0 d\u2019autres institutions [&hellip;]<\/p>\n","protected":false},"author":1,"featured_media":0,"parent":0,"menu_order":0,"comment_status":"closed","ping_status":"closed","template":"","meta":[],"_links":{"self":[{"href":"https:\/\/www.taranis.be\/index.php\/wp-json\/wp\/v2\/pages\/366"}],"collection":[{"href":"https:\/\/www.taranis.be\/index.php\/wp-json\/wp\/v2\/pages"}],"about":[{"href":"https:\/\/www.taranis.be\/index.php\/wp-json\/wp\/v2\/types\/page"}],"author":[{"embeddable":true,"href":"https:\/\/www.taranis.be\/index.php\/wp-json\/wp\/v2\/users\/1"}],"replies":[{"embeddable":true,"href":"https:\/\/www.taranis.be\/index.php\/wp-json\/wp\/v2\/comments?post=366"}],"version-history":[{"count":3,"href":"https:\/\/www.taranis.be\/index.php\/wp-json\/wp\/v2\/pages\/366\/revisions"}],"predecessor-version":[{"id":525,"href":"https:\/\/www.taranis.be\/index.php\/wp-json\/wp\/v2\/pages\/366\/revisions\/525"}],"wp:attachment":[{"href":"https:\/\/www.taranis.be\/index.php\/wp-json\/wp\/v2\/media?parent=366"}],"curies":[{"name":"wp","href":"https:\/\/api.w.org\/{rel}","templated":true}]}}