{"id":196,"date":"2020-12-12T05:32:12","date_gmt":"2020-12-12T04:32:12","guid":{"rendered":"http:\/\/www.fondsantoinedopchie.org\/?page_id=196"},"modified":"2020-12-12T05:32:12","modified_gmt":"2020-12-12T04:32:12","slug":"activites-unifiees","status":"publish","type":"page","link":"https:\/\/www.taranis.be\/index.php\/activites-unifiees\/","title":{"rendered":"Activit\u00e9s unifi\u00e9es"},"content":{"rendered":"\t\t<div data-elementor-type=\"wp-page\" data-elementor-id=\"196\" class=\"elementor elementor-196\" data-elementor-settings=\"[]\">\n\t\t\t\t\t\t\t<div class=\"elementor-section-wrap\">\n\t\t\t\t\t\t\t<section class=\"elementor-section elementor-top-section elementor-element elementor-element-7bc5492 elementor-section-boxed elementor-section-height-default elementor-section-height-default\" data-id=\"7bc5492\" data-element_type=\"section\">\n\t\t\t\t\t\t<div class=\"elementor-container elementor-column-gap-default\">\n\t\t\t\t\t<div class=\"elementor-column elementor-col-100 elementor-top-column elementor-element elementor-element-29bf670\" data-id=\"29bf670\" data-element_type=\"column\">\n\t\t\t<div class=\"elementor-widget-wrap elementor-element-populated\">\n\t\t\t\t\t\t\t\t<div class=\"elementor-element elementor-element-b7bdf25 elementor-widget elementor-widget-text-editor\" data-id=\"b7bdf25\" data-element_type=\"widget\" data-widget_type=\"text-editor.default\">\n\t\t\t\t<div class=\"elementor-widget-container\">\n\t\t\t\t\t\t\t<p><b>Activit\u00e9s Unifi\u00e9es<\/b><b><br><\/b><b><br><\/b>Le Fonds Antoine Dopchie souhaite d\u00e9velopper son champ d\u2019action en stimulant le <b>sport unifi\u00e9. <\/b>Cette d\u00e9marche, lanc\u00e9e par Special Olympics vise \u00e0 amener les clubs r\u00e9guliers ou non \u00e0 accueillir en leur sein des athl\u00e8tes ayant un handicap mental et \u00e0 promouvoir l\u2019organisation d\u2019\u00e9preuves ou de comp\u00e9titions unifi\u00e9es.<\/p>\n<p>Une d\u00e9ficience mentale n\u2019emp\u00eache pas certains nageurs et nageuses de r\u00e9aliser des chronos tout \u00e0 fait comparables \u00e0 ceux r\u00e9alis\u00e9s par des nageurs r\u00e9guliers. Pourquoi donc ne pas les r\u00e9unir quand cela est possible&nbsp;!!!<\/p>\n<p>L\u2019inclusion des personnes ayant une d\u00e9ficience mentale dans des activ\u00e9s sportives, professionnelles ou soci\u00e9tales favorise la confiance en soi, stimule l\u2019autonomie et permet une \u00e9volution plus rapide de leurs comp\u00e9tences.<\/p>\n<p>Leur bonne humeur, leur sportivit\u00e9, leur fairplay, leur franchise sont \u00e9galement des facteurs pouvant avoir une influence tr\u00e8s positive sur l\u2019ambiance dans les clubs r\u00e9guliers.<\/p>\n<p>Le Fonds Antoine Dopchie a d\u00e9cid\u00e9 de soutenir les initiatives prises par des clubs en ce sens. Outre un support financier (dans les limites des moyens disponibles) couvrant des frais sp\u00e9cifiques li\u00e9s \u00e0 l\u2019accueil de personnes ayant un handicap mental ou \u00e0 l\u2019organisation d\u2019\u00e9v\u00e9nements unifi\u00e9s, le fonds dispose de rubans porte-m\u00e9daille de diff\u00e9rentes couleurs qu\u2019il offre gratuitement (jusqu\u2019\u00e0 \u00e9puisement du stock).<\/p>\n<p>N\u2019h\u00e9sitez surtout pas \u00e0 nous faire conna\u00eetre vos projets, nous nous ferons un plaisir de les \u00e9tudier.<\/p>\t\t\t\t\t\t<\/div>\n\t\t\t\t<\/div>\n\t\t\t\t\t<\/div>\n\t\t<\/div>\n\t\t\t\t\t\t\t<\/div>\n\t\t<\/section>\n\t\t\t\t\t\t<\/div>\n\t\t\t\t\t<\/div>\n\t\t","protected":false},"excerpt":{"rendered":"<p>Activit\u00e9s Unifi\u00e9esLe Fonds Antoine Dopchie souhaite d\u00e9velopper son champ d\u2019action en stimulant le sport unifi\u00e9. Cette d\u00e9marche, lanc\u00e9e par Special Olympics vise \u00e0 amener les clubs r\u00e9guliers ou non \u00e0 accueillir en leur sein des athl\u00e8tes ayant un handicap mental et \u00e0 promouvoir l\u2019organisation d\u2019\u00e9preuves ou de comp\u00e9titions unifi\u00e9es. Une d\u00e9ficience mentale n\u2019emp\u00eache pas certains [&hellip;]<\/p>\n","protected":false},"author":1,"featured_media":0,"parent":0,"menu_order":0,"comment_status":"closed","ping_status":"closed","template":"","meta":[],"_links":{"self":[{"href":"https:\/\/www.taranis.be\/index.php\/wp-json\/wp\/v2\/pages\/196"}],"collection":[{"href":"https:\/\/www.taranis.be\/index.php\/wp-json\/wp\/v2\/pages"}],"about":[{"href":"https:\/\/www.taranis.be\/index.php\/wp-json\/wp\/v2\/types\/page"}],"author":[{"embeddable":true,"href":"https:\/\/www.taranis.be\/index.php\/wp-json\/wp\/v2\/users\/1"}],"replies":[{"embeddable":true,"href":"https:\/\/www.taranis.be\/index.php\/wp-json\/wp\/v2\/comments?post=196"}],"version-history":[{"count":0,"href":"https:\/\/www.taranis.be\/index.php\/wp-json\/wp\/v2\/pages\/196\/revisions"}],"wp:attachment":[{"href":"https:\/\/www.taranis.be\/index.php\/wp-json\/wp\/v2\/media?parent=196"}],"curies":[{"name":"wp","href":"https:\/\/api.w.org\/{rel}","templated":true}]}}